{"id":765,"date":"2014-08-26T20:36:24","date_gmt":"2014-08-26T19:36:24","guid":{"rendered":"https:\/\/www.crulamouroux.com\/?post_type=product&#038;p=765"},"modified":"2024-03-08T18:18:53","modified_gmt":"2024-03-08T17:18:53","slug":"jurancon-sec","status":"publish","type":"product","link":"https:\/\/www.crulamouroux.com\/es\/boutique\/jurancon-sec\/","title":{"rendered":"Juran\u00e7on Sec 2022"},"content":{"rendered":"<p>[vc_row gap=\u00bb20&#8243;][vc_column css_animation=\u00bbslideInLeft\u00bb width=\u00bb1\/3&#8243; css=\u00bb.vc_custom_1612868365340{padding-top: 10px !important;padding-right: 10px !important;padding-bottom: 10px !important;padding-left: 10px !important;}\u00bb][vc_single_image image=\u00bb28833&#8243; img_size=\u00bb60&#215;60&#8243;][vc_column_text]<\/p>\n<h3><span style=\"color: #d19234;\">Production :<\/span><\/h3>\n<p>R\u00e9colt\u00e9 en premier, fin octobre, sur des parcelles en exposition Sud-Ouest.[\/vc_column_text][\/vc_column][vc_column css_animation=\u00bbslideInUp\u00bb width=\u00bb1\/3&#8243;][vc_single_image image=\u00bb28818&#8243; img_size=\u00bb60&#215;60&#8243;][vc_column_text]<\/p>\n<h3><span style=\"color: #d19234;\">Vinification :<\/span><\/h3>\n<p>Assemblage de 80 % de Gros Manseng et 20 % de Petit Manseng.[\/vc_column_text][\/vc_column][vc_column css_animation=\u00bbslideInRight\u00bb width=\u00bb1\/3&#8243;][vc_single_image image=\u00bb28676&#8243; img_size=\u00bb60&#215;60&#8243;][vc_column_text]<\/p>\n<h3><span style=\"color: #d19234;\">Robe :<\/span><\/h3>\n<p>Jaune p\u00e2le aux reflets d\u2019opale.[\/vc_column_text][\/vc_column][\/vc_row][vc_row gap=\u00bb20&#8243;][vc_column css_animation=\u00bbslideInLeft\u00bb width=\u00bb1\/3&#8243;][vc_single_image image=\u00bb28830&#8243; img_size=\u00bb60&#215;60&#8243;][vc_column_text]<\/p>\n<h3><span style=\"color: #d19234;\">Nez :<\/span><\/h3>\n<p>Tr\u00e8s \u00e9clatant de fra\u00eecheur et fruit\u00e9. Ar\u00f4mes de fleurs blanches et de fruits frais <em>(citron, orange, mangue)<\/em>.[\/vc_column_text][\/vc_column][vc_column css_animation=\u00bbslideInUp\u00bb width=\u00bb1\/3&#8243;][vc_single_image image=\u00bb28824&#8243; img_size=\u00bb60&#215;60&#8243;][vc_column_text]<\/p>\n<h3><span style=\"color: #d19234;\">Bouche :<\/span><\/h3>\n<p>Fra\u00eeche, fruit\u00e9e mais robuste et d\u2019une longueur parfum\u00e9e gr\u00e2ce \u00e0 l\u2019apport du Petit Manseng.[\/vc_column_text][\/vc_column][vc_column css_animation=\u00bbslideInRight\u00bb width=\u00bb1\/3&#8243;][vc_single_image image=\u00bb28827&#8243; img_size=\u00bb60&#215;60&#8243;][vc_column_text]<\/p>\n<h3><span style=\"color: #d19234;\">Conseil :<\/span><\/h3>\n<div class=\"wpb_wrapper\">Se d\u00e9guste entre 10 et 12\u00b0C avec poissons, crustac\u00e9s (hu\u00eetres de Thau) ou desserts sucr\u00e9s.<\/div>\n<blockquote><p><strong><span style=\"color: #d19234;\">Ce vin, bouch\u00e9 au li\u00e8ge naturel, peut aussi se conserver (jusqu\u2019\u00e0 10 ans).<\/span><\/strong><\/p><\/blockquote>\n<p>[\/vc_column_text][\/vc_column][\/vc_row][vc_row full_width=\u00bbstretch_row_content_no_spaces\u00bb margin_top=\u00bb0&#8243; margin_bottom=\u00bb0&#8243; padding_left=\u00bb40&#8243; padding_right=\u00bb40&#8243; bg_position=\u00bbtop\u00bb bg_repeat=\u00bbno-repeat\u00bb bg_cover=\u00bbfalse\u00bb bg_attachment=\u00bbfalse\u00bb padding_top=\u00bb40&#8243; padding_bottom=\u00bb40&#8243; parallax_speed=\u00bb0.1&#8243; type=\u00bb1&#8243; css=\u00bb.vc_custom_1612831765671{margin-bottom: 0px !important;padding-bottom: 0px !important;background-color: rgba(209,146,52,0.1) !important;*background-color: rgb(209,146,52) !important;}\u00bb][vc_column][vc_empty_space height=\u00bb30px\u00bb][vc_column_text]<\/p>\n<h2 style=\"text-align: center;\">Nos Vins<\/h2>\n<p>[\/vc_column_text][vc_separator color=\u00bbcustom\u00bb border_width=\u00bb5&#8243; el_width=\u00bb10&#8243; accent_color=\u00bb#d19234&#8243;][vc_empty_space height=\u00bb30px\u00bb][vc_row_inner][vc_column_inner width=\u00bb1\/6&#8243;][\/vc_column_inner][vc_column_inner width=\u00bb1\/3&#8243;][vc_single_image image=\u00bb28936&#8243; img_size=\u00bb313&#215;650&#8243; alignment=\u00bbcenter\u00bb css_animation=\u00bbslideInLeft\u00bb][vc_column_text]<\/p>\n<h2 style=\"text-align: center;\">Juran\u00e7on Sec<\/h2>\n<h2 style=\"color: #d19234; text-align: center; font-size: 14px;\">Cuv\u00e9e Pierre-Yves 2005<\/h2>\n<p>[\/vc_column_text][vc_btn title=\u00bbAcheter ce vin\u00bb style=\u00bboutline-custom\u00bb outline_custom_color=\u00bb#d19234&#8243; outline_custom_hover_background=\u00bb#d19234&#8243; outline_custom_hover_text=\u00bb#ffffff\u00bb shape=\u00bbround\u00bb align=\u00bbcenter\u00bb link=\u00bburl:%2Fboutique%2Fcuvee-pierre-yves%2F|||\u00bb][\/vc_column_inner][vc_column_inner width=\u00bb1\/3&#8243;][vc_single_image image=\u00bb28939&#8243; img_size=\u00bb313&#215;650&#8243; alignment=\u00bbcenter\u00bb css_animation=\u00bbslideInRight\u00bb][vc_column_text]<\/p>\n<h2 style=\"text-align: center;\">Juran\u00e7on Doux<\/h2>\n<h2 style=\"color: #d19234; text-align: center; font-size: 14px;\">Doux<\/h2>\n<p>[\/vc_column_text][vc_btn title=\u00bbAcheter ce vin\u00bb style=\u00bboutline-custom\u00bb outline_custom_color=\u00bb#d19234&#8243; outline_custom_hover_background=\u00bb#d19234&#8243; outline_custom_hover_text=\u00bb#ffffff\u00bb shape=\u00bbround\u00bb align=\u00bbcenter\u00bb link=\u00bburl:%2Fboutique%2Fjurancon-doux%2F|||\u00bb][\/vc_column_inner][vc_column_inner width=\u00bb1\/6&#8243;][\/vc_column_inner][\/vc_row_inner][vc_empty_space][\/vc_column][\/vc_row][vc_row full_width=\u00bbstretch_row\u00bb margin_top=\u00bb0&#8243; margin_bottom=\u00bb0&#8243; padding_left=\u00bb40&#8243; padding_right=\u00bb40&#8243; bg_position=\u00bbtop\u00bb bg_repeat=\u00bbno-repeat\u00bb bg_cover=\u00bbfalse\u00bb bg_attachment=\u00bbfalse\u00bb padding_top=\u00bb40&#8243; padding_bottom=\u00bb40&#8243; parallax_speed=\u00bb0.1&#8243; type=\u00bb1&#8243; css=\u00bb.vc_custom_1612868133956{margin-bottom: 0px !important;padding-bottom: 0px !important;background-color: rgba(29,45,64,0.1) !important;*background-color: rgb(29,45,64) !important;}\u00bb][vc_column][vc_empty_space][vc_single_image image=\u00bb28836&#8243; img_size=\u00bb120&#215;120&#8243; alignment=\u00bbcenter\u00bb css_animation=\u00bbslideInUp\u00bb][vc_column_text]<\/p>\n<p style=\"text-align: center;\">Livraison<strong> en France M\u00e9tropolitaine uniquement.<\/strong><\/p>\n<p>[\/vc_column_text][vc_empty_space][vc_column_text]<\/p>\n<h3 style=\"text-align: center;\">Nous appliquons les tarifs de livraison du transporteur :<\/h3>\n<p>[\/vc_column_text][vc_empty_space height=\u00bb20px\u00bb][vc_row_inner][vc_column_inner width=\u00bb1\/3&#8243;][vc_single_image image=\u00bb28842&#8243; img_size=\u00bb90&#215;90&#8243; alignment=\u00bbcenter\u00bb css_animation=\u00bbslideInUp\u00bb][vc_column_text]<\/p>\n<p style=\"text-align: center;\">3 bouteilles : <strong>17\u20ac<\/strong><br \/>\nDe 4 \u00e0 12 bouteilles : <strong>34\u20ac<\/strong><br \/>\nDe 13 \u00e0 23 bouteilles : <strong>42\u20ac<\/strong><\/p>\n<p>[\/vc_column_text][\/vc_column_inner][vc_column_inner width=\u00bb1\/3&#8243;][vc_single_image image=\u00bb28845&#8243; img_size=\u00bb90&#215;90&#8243; alignment=\u00bbcenter\u00bb css_animation=\u00bbslideInUp\u00bb][vc_column_text]<\/p>\n<p style=\"text-align: center;\"><strong>Livraison offerte<\/strong><\/p>\n<p style=\"text-align: center;\">\u00e0 partir de 24 bouteilles.<\/p>\n<p>[\/vc_column_text][\/vc_column_inner][vc_column_inner width=\u00bb1\/3&#8243;][vc_single_image image=\u00bb28839&#8243; img_size=\u00bb90&#215;90&#8243; alignment=\u00bbcenter\u00bb css_animation=\u00bbslideInUp\u00bb][vc_column_text]<\/p>\n<p style=\"text-align: center;\"><strong>A partir de 100\u20ac d\u2019achat,<\/strong><\/p>\n<p style=\"text-align: center;\">un cadeau dans votre commande.<\/p>\n<p>[\/vc_column_text][\/vc_column_inner][\/vc_row_inner][\/vc_column][\/vc_row][vc_row full_width=\u00bbstretch_row_content_no_spaces\u00bb margin_top=\u00bb0&#8243; margin_bottom=\u00bb0&#8243; padding_left=\u00bb40&#8243; padding_right=\u00bb40&#8243; bg_position=\u00bbtop\u00bb bg_repeat=\u00bbno-repeat\u00bb bg_cover=\u00bbfalse\u00bb bg_attachment=\u00bbfalse\u00bb padding_top=\u00bb40&#8243; padding_bottom=\u00bb40&#8243; parallax_speed=\u00bb0.1&#8243; type=\u00bb1&#8243; css=\u00bb.vc_custom_1612868209714{margin-bottom: 0px !important;padding-bottom: 0px !important;background-color: rgba(29,45,64,0.1) !important;*background-color: rgb(29,45,64) !important;}\u00bb][vc_column][vc_single_image image=\u00bb28429&#8243; img_size=\u00bbfull\u00bb css=\u00bb.vc_custom_1612462517666{margin-bottom: 0px !important;padding-bottom: 0px !important;}\u00bb][\/vc_column][\/vc_row]<\/p>\n","protected":false},"excerpt":{"rendered":"<p>[vc_row full_width=\u00bbstretch_row\u00bb css=\u00bb.vc_custom_1612447985682{margin-top: 60px !important;background-position: 0 0 !important;background-repeat: no-repeat !important;}\u00bb][vc_column][vc_column_text]<\/p>\n<h1 style=\"text-align: left;\"><span style=\"color: #d19234;\">Cru Lamouroux<\/span><\/h1>\n<h4 style=\"text-transform: uppercase; text-align: left;\">Juran\u00e7on Sec 2013<\/h4>\n<p>[\/vc_column_text][vc_single_image image=\u00bb28848&#8243; img_size=\u00bbmedium\u00bb][vc_single_image image=\u00bb28852&#8243; img_size=\u00bblarge\u00bb css_animation=\u00bbfadeIn\u00bb][vc_empty_space height=\u00bb30px\u00bb][\/vc_column][\/vc_row]<\/p>\n","protected":false},"featured_media":28942,"comment_status":"closed","ping_status":"closed","template":"","meta":[],"product_cat":[63],"product_tag":[73,35,48,33,29,44,39,46,31,41,45,52,43,49,40],"class_list":["post-765","product","type-product","status-publish","has-post-thumbnail","hentry","product_cat-non-classe","product_tag-aoc","product_tag-bearn","product_tag-instawine","product_tag-jurancon","product_tag-vin","product_tag-vinho","product_tag-vino","product_tag-whitewine","product_tag-wine","product_tag-winelover-foodandwine","product_tag-winelovers","product_tag-winemaker","product_tag-winery","product_tag-wines","product_tag-winetasting","product_shipping_class-bouteille","description-off"],"yoast_head":"<!-- This site is optimized with the Yoast SEO plugin v24.0 - https:\/\/yoast.com\/wordpress\/plugins\/seo\/ -->\n<title>Juran\u00e7on Sec 2022 - Cru Lamouroux<\/title>\n<meta name=\"robots\" content=\"index, follow, max-snippet:-1, max-image-preview:large, max-video-preview:-1\" \/>\n<link rel=\"canonical\" href=\"https:\/\/www.crulamouroux.com\/boutique\/jurancon-sec\/\" \/>\n<meta property=\"og:locale\" content=\"es_ES\" \/>\n<meta property=\"og:type\" content=\"article\" \/>\n<meta property=\"og:title\" content=\"Juran\u00e7on Sec 2022 - Cru Lamouroux\" \/>\n<meta property=\"og:description\" content=\"[vc_row full_width=&quot;stretch_row&quot; css=&quot;.vc_custom_1612447985682{margin-top: 60px !important;background-position: 0 0 !important;background-repeat: no-repeat !important;}&quot;][vc_column][vc_column_text] Cru Lamouroux Juran\u00e7on Sec 2013 [\/vc_column_text][vc_single_image image=&quot;28848&quot; img_size=&quot;medium&quot;][vc_single_image image=&quot;28852&quot; img_size=&quot;large&quot; css_animation=&quot;fadeIn&quot;][vc_empty_space height=&quot;30px&quot;][\/vc_column][\/vc_row]\" \/>\n<meta property=\"og:url\" content=\"https:\/\/www.crulamouroux.com\/boutique\/jurancon-sec\/\" \/>\n<meta property=\"og:site_name\" content=\"Cru Lamouroux\" \/>\n<meta property=\"article:publisher\" content=\"https:\/\/www.facebook.com\/jurancon.crulamouroux\" \/>\n<meta property=\"article:modified_time\" content=\"2024-03-08T17:18:53+00:00\" \/>\n<meta property=\"og:image\" content=\"https:\/\/www.crulamouroux.com\/wp-content\/uploads\/2021\/02\/jurancon-sec-3.png\" \/>\n\t<meta property=\"og:image:width\" content=\"945\" \/>\n\t<meta property=\"og:image:height\" content=\"1388\" \/>\n\t<meta property=\"og:image:type\" content=\"image\/png\" \/>\n<meta name=\"twitter:card\" content=\"summary_large_image\" \/>\n<meta name=\"twitter:site\" content=\"@CruLamouroux\" \/>\n<meta name=\"twitter:label1\" content=\"Tiempo de lectura\" \/>\n\t<meta name=\"twitter:data1\" content=\"4 minutos\" \/>\n<script type=\"application\/ld+json\" class=\"yoast-schema-graph\">{\"@context\":\"https:\/\/schema.org\",\"@graph\":[{\"@type\":\"WebPage\",\"@id\":\"https:\/\/www.crulamouroux.com\/boutique\/jurancon-sec\/\",\"url\":\"https:\/\/www.crulamouroux.com\/boutique\/jurancon-sec\/\",\"name\":\"Juran\u00e7on Sec 2022 - Cru Lamouroux\",\"isPartOf\":{\"@id\":\"https:\/\/www.crulamouroux.com\/#website\"},\"primaryImageOfPage\":{\"@id\":\"https:\/\/www.crulamouroux.com\/boutique\/jurancon-sec\/#primaryimage\"},\"image\":{\"@id\":\"https:\/\/www.crulamouroux.com\/boutique\/jurancon-sec\/#primaryimage\"},\"thumbnailUrl\":\"https:\/\/www.crulamouroux.com\/wp-content\/uploads\/2021\/02\/jurancon-sec-3.png\",\"datePublished\":\"2014-08-26T19:36:24+00:00\",\"dateModified\":\"2024-03-08T17:18:53+00:00\",\"breadcrumb\":{\"@id\":\"https:\/\/www.crulamouroux.com\/boutique\/jurancon-sec\/#breadcrumb\"},\"inLanguage\":\"es\",\"potentialAction\":[{\"@type\":\"ReadAction\",\"target\":[\"https:\/\/www.crulamouroux.com\/boutique\/jurancon-sec\/\"]}]},{\"@type\":\"ImageObject\",\"inLanguage\":\"es\",\"@id\":\"https:\/\/www.crulamouroux.com\/boutique\/jurancon-sec\/#primaryimage\",\"url\":\"https:\/\/www.crulamouroux.com\/wp-content\/uploads\/2021\/02\/jurancon-sec-3.png\",\"contentUrl\":\"https:\/\/www.crulamouroux.com\/wp-content\/uploads\/2021\/02\/jurancon-sec-3.png\",\"width\":945,\"height\":1388},{\"@type\":\"BreadcrumbList\",\"@id\":\"https:\/\/www.crulamouroux.com\/boutique\/jurancon-sec\/#breadcrumb\",\"itemListElement\":[{\"@type\":\"ListItem\",\"position\":1,\"name\":\"Accueil\",\"item\":\"https:\/\/www.crulamouroux.com\/es\/\"},{\"@type\":\"ListItem\",\"position\":2,\"name\":\"Produits\",\"item\":\"https:\/\/www.crulamouroux.com\/shop\/\"},{\"@type\":\"ListItem\",\"position\":3,\"name\":\"Juran\u00e7on Sec 2022\"}]},{\"@type\":\"WebSite\",\"@id\":\"https:\/\/www.crulamouroux.com\/#website\",\"url\":\"https:\/\/www.crulamouroux.com\/\",\"name\":\"Cru Lamouroux\",\"description\":\"Appellation Juran\u00e7on Contr\u00f4l\u00e9e\",\"potentialAction\":[{\"@type\":\"SearchAction\",\"target\":{\"@type\":\"EntryPoint\",\"urlTemplate\":\"https:\/\/www.crulamouroux.com\/?s={search_term_string}\"},\"query-input\":{\"@type\":\"PropertyValueSpecification\",\"valueRequired\":true,\"valueName\":\"search_term_string\"}}],\"inLanguage\":\"es\"}]}<\/script>\n<!-- \/ Yoast SEO plugin. -->","yoast_head_json":{"title":"Juran\u00e7on Sec 2022 - Cru Lamouroux","robots":{"index":"index","follow":"follow","max-snippet":"max-snippet:-1","max-image-preview":"max-image-preview:large","max-video-preview":"max-video-preview:-1"},"canonical":"https:\/\/www.crulamouroux.com\/boutique\/jurancon-sec\/","og_locale":"es_ES","og_type":"article","og_title":"Juran\u00e7on Sec 2022 - Cru Lamouroux","og_description":"[vc_row full_width=\"stretch_row\" css=\".vc_custom_1612447985682{margin-top: 60px !important;background-position: 0 0 !important;background-repeat: no-repeat !important;}\"][vc_column][vc_column_text] Cru Lamouroux Juran\u00e7on Sec 2013 [\/vc_column_text][vc_single_image image=\"28848\" img_size=\"medium\"][vc_single_image image=\"28852\" img_size=\"large\" css_animation=\"fadeIn\"][vc_empty_space height=\"30px\"][\/vc_column][\/vc_row]","og_url":"https:\/\/www.crulamouroux.com\/boutique\/jurancon-sec\/","og_site_name":"Cru Lamouroux","article_publisher":"https:\/\/www.facebook.com\/jurancon.crulamouroux","article_modified_time":"2024-03-08T17:18:53+00:00","og_image":[{"width":945,"height":1388,"url":"https:\/\/www.crulamouroux.com\/wp-content\/uploads\/2021\/02\/jurancon-sec-3.png","type":"image\/png"}],"twitter_card":"summary_large_image","twitter_site":"@CruLamouroux","twitter_misc":{"Tiempo de lectura":"4 minutos"},"schema":{"@context":"https:\/\/schema.org","@graph":[{"@type":"WebPage","@id":"https:\/\/www.crulamouroux.com\/boutique\/jurancon-sec\/","url":"https:\/\/www.crulamouroux.com\/boutique\/jurancon-sec\/","name":"Juran\u00e7on Sec 2022 - Cru Lamouroux","isPartOf":{"@id":"https:\/\/www.crulamouroux.com\/#website"},"primaryImageOfPage":{"@id":"https:\/\/www.crulamouroux.com\/boutique\/jurancon-sec\/#primaryimage"},"image":{"@id":"https:\/\/www.crulamouroux.com\/boutique\/jurancon-sec\/#primaryimage"},"thumbnailUrl":"https:\/\/www.crulamouroux.com\/wp-content\/uploads\/2021\/02\/jurancon-sec-3.png","datePublished":"2014-08-26T19:36:24+00:00","dateModified":"2024-03-08T17:18:53+00:00","breadcrumb":{"@id":"https:\/\/www.crulamouroux.com\/boutique\/jurancon-sec\/#breadcrumb"},"inLanguage":"es","potentialAction":[{"@type":"ReadAction","target":["https:\/\/www.crulamouroux.com\/boutique\/jurancon-sec\/"]}]},{"@type":"ImageObject","inLanguage":"es","@id":"https:\/\/www.crulamouroux.com\/boutique\/jurancon-sec\/#primaryimage","url":"https:\/\/www.crulamouroux.com\/wp-content\/uploads\/2021\/02\/jurancon-sec-3.png","contentUrl":"https:\/\/www.crulamouroux.com\/wp-content\/uploads\/2021\/02\/jurancon-sec-3.png","width":945,"height":1388},{"@type":"BreadcrumbList","@id":"https:\/\/www.crulamouroux.com\/boutique\/jurancon-sec\/#breadcrumb","itemListElement":[{"@type":"ListItem","position":1,"name":"Accueil","item":"https:\/\/www.crulamouroux.com\/es\/"},{"@type":"ListItem","position":2,"name":"Produits","item":"https:\/\/www.crulamouroux.com\/shop\/"},{"@type":"ListItem","position":3,"name":"Juran\u00e7on Sec 2022"}]},{"@type":"WebSite","@id":"https:\/\/www.crulamouroux.com\/#website","url":"https:\/\/www.crulamouroux.com\/","name":"Cru Lamouroux","description":"Appellation Juran\u00e7on Contr\u00f4l\u00e9e","potentialAction":[{"@type":"SearchAction","target":{"@type":"EntryPoint","urlTemplate":"https:\/\/www.crulamouroux.com\/?s={search_term_string}"},"query-input":{"@type":"PropertyValueSpecification","valueRequired":true,"valueName":"search_term_string"}}],"inLanguage":"es"}]}},"_links":{"self":[{"href":"https:\/\/www.crulamouroux.com\/es\/wp-json\/wp\/v2\/product\/765","targetHints":{"allow":["GET"]}}],"collection":[{"href":"https:\/\/www.crulamouroux.com\/es\/wp-json\/wp\/v2\/product"}],"about":[{"href":"https:\/\/www.crulamouroux.com\/es\/wp-json\/wp\/v2\/types\/product"}],"replies":[{"embeddable":true,"href":"https:\/\/www.crulamouroux.com\/es\/wp-json\/wp\/v2\/comments?post=765"}],"wp:featuredmedia":[{"embeddable":true,"href":"https:\/\/www.crulamouroux.com\/es\/wp-json\/wp\/v2\/media\/28942"}],"wp:attachment":[{"href":"https:\/\/www.crulamouroux.com\/es\/wp-json\/wp\/v2\/media?parent=765"}],"wp:term":[{"taxonomy":"product_cat","embeddable":true,"href":"https:\/\/www.crulamouroux.com\/es\/wp-json\/wp\/v2\/product_cat?post=765"},{"taxonomy":"product_tag","embeddable":true,"href":"https:\/\/www.crulamouroux.com\/es\/wp-json\/wp\/v2\/product_tag?post=765"}],"curies":[{"name":"wp","href":"https:\/\/api.w.org\/{rel}","templated":true}]}}