{"id":849,"date":"2014-08-26T20:27:43","date_gmt":"2014-08-26T19:27:43","guid":{"rendered":"https:\/\/www.crulamouroux.com\/?page_id=849"},"modified":"2021-02-17T23:29:48","modified_gmt":"2021-02-17T22:29:48","slug":"boutique","status":"publish","type":"page","link":"https:\/\/www.crulamouroux.com\/es\/boutique\/","title":{"rendered":"Tienda"},"content":{"rendered":"<p>[vc_row full_width=\u00bbstretch_row\u00bb css=\u00bb.vc_custom_1612528740545{margin-top: 60px !important;background-position: 0 0 !important;background-repeat: no-repeat !important;}\u00bb][vc_column][vc_column_text]<\/p>\n<h1 style=\"text-align: center;\">Nuestra tienda<\/h1>\n<h1 style=\"text-align: center;\"><span style=\"color: #d19234;\">Cru Lamouroux<\/span><\/h1>\n<h6 style=\"text-align: center; text-transform: uppercase;\">AOC Juran\u00e7on<\/h6>\n<p>[\/vc_column_text][vc_single_image image=\u00bb28389&#8243; img_size=\u00bbmedium\u00bb alignment=\u00bbcenter\u00bb][vc_single_image image=\u00bb29044&#8243; img_size=\u00bb800&#215;600&#8243; alignment=\u00bbcenter\u00bb css_animation=\u00bbfadeIn\u00bb][vc_empty_space height=\u00bb70px\u00bb][\/vc_column][\/vc_row][vc_row][vc_column]<div class=\"woocommerce columns-4 \"><div class=\"wf-container dt-products  woo-hover products loading-effect-fade-in description-on-hover cart-btn-on-img wc-img-hover hide-description wc-grid\" data-padding=\"0px\" data-cur-page=\"1\" data-desktop-columns-num=\"4\" data-v-tablet-columns-num=\"2\" data-h-tablet-columns-num=\"3\" data-phone-columns-num=\"1\">\n\n<article class=\"post visible description-off product type-product post-807 status-publish first instock product_cat-non-classe product_tag-bearn product_tag-doux product_tag-jurancon product_tag-moelleux product_tag-vin product_tag-vino product_tag-wine product_tag-wine-bearn product_tag-winetasting has-post-thumbnail taxable shipping-taxable purchasable product-type-simple\">\n\n\t<figure class=\"woocom-project\">\n\t<div class=\"woo-buttons-on-img\">\n\n\t\t<a href=\"https:\/\/www.crulamouroux.com\/es\/boutique\/cuvee-charlie\/\" class=\"alignnone layzr-bg\"><img loading=\"lazy\" decoding=\"async\" width=\"250\" height=\"250\" src=\"data:image\/svg+xml;charset=utf-8,%3Csvg xmlns%3D&#039;http%3A%2F%2Fwww.w3.org%2F2000%2Fsvg&#039; viewBox%3D&#039;0 0 250 250&#039;%2F%3E\" class=\"attachment-woocommerce_thumbnail size-woocommerce_thumbnail lazy-load preload-me\" alt=\"\" data-src=\"https:\/\/www.crulamouroux.com\/wp-content\/uploads\/2021\/02\/cru-lamouroux-cuve-yves-2-250x250.png\" data-srcset=\"https:\/\/www.crulamouroux.com\/wp-content\/uploads\/2021\/02\/cru-lamouroux-cuve-yves-2-250x250.png 250w, https:\/\/www.crulamouroux.com\/wp-content\/uploads\/2021\/02\/cru-lamouroux-cuve-yves-2-200x200.png 200w, https:\/\/www.crulamouroux.com\/wp-content\/uploads\/2021\/02\/cru-lamouroux-cuve-yves-2-150x150.png 150w\" \/><\/a>\n\t<\/div>\n\t<figcaption class=\"woocom-list-content\">\n\n\t\t<div class=\"woocommerce-product-details__short-description\">\n\t<p>[vc_row full_width=\u00bbstretch_row\u00bb css=\u00bb.vc_custom_1612447985682{margin-top: 60px !important;background-position: 0 0 !important;background-repeat: no-repeat !important;}\u00bb][vc_column][vc_column_text]<\/p>\n<h1 style=\"text-align: left;\"><span style=\"color: #d19234;\">Cru Lamouroux<\/span><\/h1>\n<h4 style=\"text-transform: uppercase; text-align: left;\">Cuv\u00e9e Pierre-Yves 2005<\/h4>\n<p>[\/vc_column_text][vc_single_image image=\u00bb28848&#8243; img_size=\u00bbmedium\u00bb][vc_single_image image=\u00bb28852&#8243; img_size=\u00bblarge\u00bb css_animation=\u00bbfadeIn\u00bb][vc_empty_space height=\u00bb30px\u00bb][\/vc_column][\/vc_row]<\/p>\n<\/div>\n\n\t<\/figcaption>\n<\/figure>\n\n<\/article>\n\n\n\n<article class=\"post visible description-off product type-product post-795 status-publish instock product_cat-non-classe product_tag-crulamouroux product_tag-jurancon product_tag-vin product_tag-vino product_tag-wine product_tag-wine-bearn product_tag-winetasting has-post-thumbnail taxable shipping-taxable purchasable product-type-simple\">\n\n\t<figure class=\"woocom-project\">\n\t<div class=\"woo-buttons-on-img\">\n\n\t\t<a href=\"https:\/\/www.crulamouroux.com\/es\/boutique\/jurancon-doux\/\" class=\"alignnone layzr-bg\"><img loading=\"lazy\" decoding=\"async\" width=\"250\" height=\"250\" src=\"data:image\/svg+xml;charset=utf-8,%3Csvg xmlns%3D&#039;http%3A%2F%2Fwww.w3.org%2F2000%2Fsvg&#039; viewBox%3D&#039;0 0 250 250&#039;%2F%3E\" class=\"attachment-woocommerce_thumbnail size-woocommerce_thumbnail lazy-load preload-me\" alt=\"\" data-src=\"https:\/\/www.crulamouroux.com\/wp-content\/uploads\/2021\/02\/cru-Lamouroux-3-250x250.png\" data-srcset=\"https:\/\/www.crulamouroux.com\/wp-content\/uploads\/2021\/02\/cru-Lamouroux-3-250x250.png 250w, https:\/\/www.crulamouroux.com\/wp-content\/uploads\/2021\/02\/cru-Lamouroux-3-200x200.png 200w, https:\/\/www.crulamouroux.com\/wp-content\/uploads\/2021\/02\/cru-Lamouroux-3-150x150.png 150w\" \/><\/a>\n\t<\/div>\n\t<figcaption class=\"woocom-list-content\">\n\n\t\t<div class=\"woocommerce-product-details__short-description\">\n\t<p>[vc_row full_width=\u00bbstretch_row\u00bb css=\u00bb.vc_custom_1612447985682{margin-top: 60px !important;background-position: 0 0 !important;background-repeat: no-repeat !important;}\u00bb][vc_column][vc_column_text]<\/p>\n<h1 style=\"text-align: left;\"><span style=\"color: #d19234;\">Cru Lamouroux<\/span><\/h1>\n<h4 style=\"text-transform: uppercase; text-align: left;\">Juran\u00e7on Doux 2011<\/h4>\n<p>[\/vc_column_text][vc_single_image image=\u00bb28848&#8243; img_size=\u00bbmedium\u00bb][vc_single_image image=\u00bb28852&#8243; img_size=\u00bblarge\u00bb css_animation=\u00bbfadeIn\u00bb][vc_empty_space height=\u00bb30px\u00bb][\/vc_column][\/vc_row]<\/p>\n<\/div>\n\n\t<\/figcaption>\n<\/figure>\n\n<\/article>\n\n\n\n<article class=\"post visible description-off product type-product post-765 status-publish instock product_cat-non-classe product_tag-aoc product_tag-bearn product_tag-instawine product_tag-jurancon product_tag-vin product_tag-vinho product_tag-vino product_tag-whitewine product_tag-wine product_tag-winelover-foodandwine product_tag-winelovers product_tag-winemaker product_tag-winery product_tag-wines product_tag-winetasting has-post-thumbnail taxable shipping-taxable purchasable product-type-simple\">\n\n\t<figure class=\"woocom-project\">\n\t<div class=\"woo-buttons-on-img\">\n\n\t\t<a href=\"https:\/\/www.crulamouroux.com\/es\/boutique\/jurancon-sec\/\" class=\"alignnone layzr-bg\"><img loading=\"lazy\" decoding=\"async\" width=\"250\" height=\"250\" src=\"data:image\/svg+xml;charset=utf-8,%3Csvg xmlns%3D&#039;http%3A%2F%2Fwww.w3.org%2F2000%2Fsvg&#039; viewBox%3D&#039;0 0 250 250&#039;%2F%3E\" class=\"attachment-woocommerce_thumbnail size-woocommerce_thumbnail lazy-load preload-me\" alt=\"\" data-src=\"https:\/\/www.crulamouroux.com\/wp-content\/uploads\/2021\/02\/jurancon-sec-3-250x250.png\" data-srcset=\"https:\/\/www.crulamouroux.com\/wp-content\/uploads\/2021\/02\/jurancon-sec-3-250x250.png 250w, https:\/\/www.crulamouroux.com\/wp-content\/uploads\/2021\/02\/jurancon-sec-3-200x200.png 200w, https:\/\/www.crulamouroux.com\/wp-content\/uploads\/2021\/02\/jurancon-sec-3-150x150.png 150w\" \/><\/a>\n\t<\/div>\n\t<figcaption class=\"woocom-list-content\">\n\n\t\t<div class=\"woocommerce-product-details__short-description\">\n\t<p>[vc_row full_width=\u00bbstretch_row\u00bb css=\u00bb.vc_custom_1612447985682{margin-top: 60px !important;background-position: 0 0 !important;background-repeat: no-repeat !important;}\u00bb][vc_column][vc_column_text]<\/p>\n<h1 style=\"text-align: left;\"><span style=\"color: #d19234;\">Cru Lamouroux<\/span><\/h1>\n<h4 style=\"text-transform: uppercase; text-align: left;\">Juran\u00e7on Sec 2013<\/h4>\n<p>[\/vc_column_text][vc_single_image image=\u00bb28848&#8243; img_size=\u00bbmedium\u00bb][vc_single_image image=\u00bb28852&#8243; img_size=\u00bblarge\u00bb css_animation=\u00bbfadeIn\u00bb][vc_empty_space height=\u00bb30px\u00bb][\/vc_column][\/vc_row]<\/p>\n<\/div>\n\n\t<\/figcaption>\n<\/figure>\n\n<\/article>\n\n<\/div><\/div>[\/vc_column][\/vc_row][vc_row][vc_column][vc_empty_space height=\u00bb100px\u00bb][\/vc_column][\/vc_row][vc_row full_width=\u00bbstretch_row_content_no_spaces\u00bb margin_top=\u00bb0&#8243; margin_bottom=\u00bb0&#8243; padding_left=\u00bb40&#8243; padding_right=\u00bb40&#8243; bg_position=\u00bbtop\u00bb bg_repeat=\u00bbno-repeat\u00bb bg_cover=\u00bbfalse\u00bb bg_attachment=\u00bbfalse\u00bb padding_top=\u00bb40&#8243; padding_bottom=\u00bb40&#8243; parallax_speed=\u00bb0.1&#8243; type=\u00bb1&#8243; css=\u00bb.vc_custom_1612462043237{margin-bottom: 0px !important;padding-bottom: 0px !important;}\u00bb][vc_column][vc_single_image image=\u00bb28429&#8243; img_size=\u00bbfull\u00bb alignment=\u00bbcenter\u00bb css=\u00bb.vc_custom_1612526327385{margin-bottom: 0px !important;padding-bottom: 0px !important;}\u00bb][\/vc_column][\/vc_row]<\/p>\n","protected":false},"excerpt":{"rendered":"<p>[vc_row full_width=\u00bbstretch_row\u00bb css=\u00bb.vc_custom_1612528740545{margin-top: 60px !important;background-position: 0 0 !important;background-repeat: no-repeat !important;}\u00bb][vc_column][vc_column_text] Nuestra tienda Cru Lamouroux AOC Juran\u00e7on [\/vc_column_text][vc_single_image image=\u00bb28389&#8243; img_size=\u00bbmedium\u00bb alignment=\u00bbcenter\u00bb][vc_single_image image=\u00bb29044&#8243; img_size=\u00bb800&#215;600&#8243; alignment=\u00bbcenter\u00bb css_animation=\u00bbfadeIn\u00bb][vc_empty_space height=\u00bb70px\u00bb][\/vc_column][\/vc_row][vc_row][vc_column][\/vc_column][\/vc_row][vc_row][vc_column][vc_empty_space height=\u00bb100px\u00bb][\/vc_column][\/vc_row][vc_row full_width=\u00bbstretch_row_content_no_spaces\u00bb margin_top=\u00bb0&#8243; margin_bottom=\u00bb0&#8243; padding_left=\u00bb40&#8243; padding_right=\u00bb40&#8243; bg_position=\u00bbtop\u00bb bg_repeat=\u00bbno-repeat\u00bb bg_cover=\u00bbfalse\u00bb bg_attachment=\u00bbfalse\u00bb padding_top=\u00bb40&#8243; padding_bottom=\u00bb40&#8243; parallax_speed=\u00bb0.1&#8243; type=\u00bb1&#8243; css=\u00bb.vc_custom_1612462043237{margin-bottom: 0px !important;padding-bottom: 0px !important;}\u00bb][vc_column][vc_single_image image=\u00bb28429&#8243; img_size=\u00bbfull\u00bb alignment=\u00bbcenter\u00bb css=\u00bb.vc_custom_1612526327385{margin-bottom: 0px !important;padding-bottom: 0px !important;}\u00bb][\/vc_column][\/vc_row]<\/p>\n","protected":false},"author":1,"featured_media":27870,"parent":0,"menu_order":0,"comment_status":"closed","ping_status":"closed","template":"","meta":[],"class_list":["post-849","page","type-page","status-publish","has-post-thumbnail","hentry","description-off"],"yoast_head":"<!-- This site is optimized with the Yoast SEO plugin v24.0 - https:\/\/yoast.com\/wordpress\/plugins\/seo\/ -->\n<title>Boutique en ligne du domaine - Juran\u00e7on<\/title>\n<meta name=\"description\" content=\"...Acc\u00e9der directement \u00e0 la boutique en ligne pour commander Juran\u00e7on Sec et Juran\u00e7on Moelleux...\" \/>\n<meta name=\"robots\" content=\"index, follow, max-snippet:-1, max-image-preview:large, max-video-preview:-1\" \/>\n<link rel=\"canonical\" href=\"https:\/\/www.crulamouroux.com\/es\/boutique\/\" \/>\n<meta property=\"og:locale\" content=\"es_ES\" \/>\n<meta property=\"og:type\" content=\"article\" \/>\n<meta property=\"og:title\" content=\"Boutique en ligne du domaine - Juran\u00e7on\" \/>\n<meta property=\"og:description\" content=\"...Acc\u00e9der directement \u00e0 la boutique en ligne pour commander Juran\u00e7on Sec et Juran\u00e7on Moelleux...\" \/>\n<meta property=\"og:url\" content=\"https:\/\/www.crulamouroux.com\/es\/boutique\/\" \/>\n<meta property=\"og:site_name\" content=\"Cru Lamouroux\" \/>\n<meta property=\"article:publisher\" content=\"https:\/\/www.facebook.com\/jurancon.crulamouroux\" \/>\n<meta property=\"article:modified_time\" content=\"2021-02-17T22:29:48+00:00\" \/>\n<meta property=\"og:image\" content=\"https:\/\/www.crulamouroux.com\/wp-content\/uploads\/2015\/12\/DSC_5773-scaled.jpg\" \/>\n\t<meta property=\"og:image:width\" content=\"2560\" \/>\n\t<meta property=\"og:image:height\" content=\"1714\" \/>\n\t<meta property=\"og:image:type\" content=\"image\/jpeg\" \/>\n<meta name=\"twitter:card\" content=\"summary_large_image\" \/>\n<meta name=\"twitter:site\" content=\"@CruLamouroux\" \/>\n<meta name=\"twitter:label1\" content=\"Tiempo de lectura\" \/>\n\t<meta name=\"twitter:data1\" content=\"1 minuto\" \/>\n<script type=\"application\/ld+json\" class=\"yoast-schema-graph\">{\"@context\":\"https:\/\/schema.org\",\"@graph\":[{\"@type\":\"WebPage\",\"@id\":\"https:\/\/www.crulamouroux.com\/es\/boutique\/\",\"url\":\"https:\/\/www.crulamouroux.com\/es\/boutique\/\",\"name\":\"Boutique en ligne du domaine - Juran\u00e7on\",\"isPartOf\":{\"@id\":\"https:\/\/www.crulamouroux.com\/#website\"},\"primaryImageOfPage\":{\"@id\":\"https:\/\/www.crulamouroux.com\/es\/boutique\/#primaryimage\"},\"image\":{\"@id\":\"https:\/\/www.crulamouroux.com\/es\/boutique\/#primaryimage\"},\"thumbnailUrl\":\"https:\/\/www.crulamouroux.com\/wp-content\/uploads\/2015\/12\/DSC_5773-scaled.jpg\",\"datePublished\":\"2014-08-26T19:27:43+00:00\",\"dateModified\":\"2021-02-17T22:29:48+00:00\",\"description\":\"...Acc\u00e9der directement \u00e0 la boutique en ligne pour commander Juran\u00e7on Sec et Juran\u00e7on Moelleux...\",\"breadcrumb\":{\"@id\":\"https:\/\/www.crulamouroux.com\/es\/boutique\/#breadcrumb\"},\"inLanguage\":\"es\",\"potentialAction\":[{\"@type\":\"ReadAction\",\"target\":[\"https:\/\/www.crulamouroux.com\/es\/boutique\/\"]}]},{\"@type\":\"ImageObject\",\"inLanguage\":\"es\",\"@id\":\"https:\/\/www.crulamouroux.com\/es\/boutique\/#primaryimage\",\"url\":\"https:\/\/www.crulamouroux.com\/wp-content\/uploads\/2015\/12\/DSC_5773-scaled.jpg\",\"contentUrl\":\"https:\/\/www.crulamouroux.com\/wp-content\/uploads\/2015\/12\/DSC_5773-scaled.jpg\",\"width\":2560,\"height\":1714},{\"@type\":\"BreadcrumbList\",\"@id\":\"https:\/\/www.crulamouroux.com\/es\/boutique\/#breadcrumb\",\"itemListElement\":[{\"@type\":\"ListItem\",\"position\":1,\"name\":\"Accueil\",\"item\":\"https:\/\/www.crulamouroux.com\/es\/\"},{\"@type\":\"ListItem\",\"position\":2,\"name\":\"Tienda\"}]},{\"@type\":\"WebSite\",\"@id\":\"https:\/\/www.crulamouroux.com\/#website\",\"url\":\"https:\/\/www.crulamouroux.com\/\",\"name\":\"Cru Lamouroux\",\"description\":\"Appellation Juran\u00e7on Contr\u00f4l\u00e9e\",\"potentialAction\":[{\"@type\":\"SearchAction\",\"target\":{\"@type\":\"EntryPoint\",\"urlTemplate\":\"https:\/\/www.crulamouroux.com\/?s={search_term_string}\"},\"query-input\":{\"@type\":\"PropertyValueSpecification\",\"valueRequired\":true,\"valueName\":\"search_term_string\"}}],\"inLanguage\":\"es\"}]}<\/script>\n<!-- \/ Yoast SEO plugin. -->","yoast_head_json":{"title":"Boutique en ligne du domaine - Juran\u00e7on","description":"...Acc\u00e9der directement \u00e0 la boutique en ligne pour commander Juran\u00e7on Sec et Juran\u00e7on Moelleux...","robots":{"index":"index","follow":"follow","max-snippet":"max-snippet:-1","max-image-preview":"max-image-preview:large","max-video-preview":"max-video-preview:-1"},"canonical":"https:\/\/www.crulamouroux.com\/es\/boutique\/","og_locale":"es_ES","og_type":"article","og_title":"Boutique en ligne du domaine - Juran\u00e7on","og_description":"...Acc\u00e9der directement \u00e0 la boutique en ligne pour commander Juran\u00e7on Sec et Juran\u00e7on Moelleux...","og_url":"https:\/\/www.crulamouroux.com\/es\/boutique\/","og_site_name":"Cru Lamouroux","article_publisher":"https:\/\/www.facebook.com\/jurancon.crulamouroux","article_modified_time":"2021-02-17T22:29:48+00:00","og_image":[{"width":2560,"height":1714,"url":"https:\/\/www.crulamouroux.com\/wp-content\/uploads\/2015\/12\/DSC_5773-scaled.jpg","type":"image\/jpeg"}],"twitter_card":"summary_large_image","twitter_site":"@CruLamouroux","twitter_misc":{"Tiempo de lectura":"1 minuto"},"schema":{"@context":"https:\/\/schema.org","@graph":[{"@type":"WebPage","@id":"https:\/\/www.crulamouroux.com\/es\/boutique\/","url":"https:\/\/www.crulamouroux.com\/es\/boutique\/","name":"Boutique en ligne du domaine - Juran\u00e7on","isPartOf":{"@id":"https:\/\/www.crulamouroux.com\/#website"},"primaryImageOfPage":{"@id":"https:\/\/www.crulamouroux.com\/es\/boutique\/#primaryimage"},"image":{"@id":"https:\/\/www.crulamouroux.com\/es\/boutique\/#primaryimage"},"thumbnailUrl":"https:\/\/www.crulamouroux.com\/wp-content\/uploads\/2015\/12\/DSC_5773-scaled.jpg","datePublished":"2014-08-26T19:27:43+00:00","dateModified":"2021-02-17T22:29:48+00:00","description":"...Acc\u00e9der directement \u00e0 la boutique en ligne pour commander Juran\u00e7on Sec et Juran\u00e7on Moelleux...","breadcrumb":{"@id":"https:\/\/www.crulamouroux.com\/es\/boutique\/#breadcrumb"},"inLanguage":"es","potentialAction":[{"@type":"ReadAction","target":["https:\/\/www.crulamouroux.com\/es\/boutique\/"]}]},{"@type":"ImageObject","inLanguage":"es","@id":"https:\/\/www.crulamouroux.com\/es\/boutique\/#primaryimage","url":"https:\/\/www.crulamouroux.com\/wp-content\/uploads\/2015\/12\/DSC_5773-scaled.jpg","contentUrl":"https:\/\/www.crulamouroux.com\/wp-content\/uploads\/2015\/12\/DSC_5773-scaled.jpg","width":2560,"height":1714},{"@type":"BreadcrumbList","@id":"https:\/\/www.crulamouroux.com\/es\/boutique\/#breadcrumb","itemListElement":[{"@type":"ListItem","position":1,"name":"Accueil","item":"https:\/\/www.crulamouroux.com\/es\/"},{"@type":"ListItem","position":2,"name":"Tienda"}]},{"@type":"WebSite","@id":"https:\/\/www.crulamouroux.com\/#website","url":"https:\/\/www.crulamouroux.com\/","name":"Cru Lamouroux","description":"Appellation Juran\u00e7on Contr\u00f4l\u00e9e","potentialAction":[{"@type":"SearchAction","target":{"@type":"EntryPoint","urlTemplate":"https:\/\/www.crulamouroux.com\/?s={search_term_string}"},"query-input":{"@type":"PropertyValueSpecification","valueRequired":true,"valueName":"search_term_string"}}],"inLanguage":"es"}]}},"_links":{"self":[{"href":"https:\/\/www.crulamouroux.com\/es\/wp-json\/wp\/v2\/pages\/849","targetHints":{"allow":["GET"]}}],"collection":[{"href":"https:\/\/www.crulamouroux.com\/es\/wp-json\/wp\/v2\/pages"}],"about":[{"href":"https:\/\/www.crulamouroux.com\/es\/wp-json\/wp\/v2\/types\/page"}],"author":[{"embeddable":true,"href":"https:\/\/www.crulamouroux.com\/es\/wp-json\/wp\/v2\/users\/1"}],"replies":[{"embeddable":true,"href":"https:\/\/www.crulamouroux.com\/es\/wp-json\/wp\/v2\/comments?post=849"}],"version-history":[{"count":11,"href":"https:\/\/www.crulamouroux.com\/es\/wp-json\/wp\/v2\/pages\/849\/revisions"}],"predecessor-version":[{"id":29152,"href":"https:\/\/www.crulamouroux.com\/es\/wp-json\/wp\/v2\/pages\/849\/revisions\/29152"}],"wp:featuredmedia":[{"embeddable":true,"href":"https:\/\/www.crulamouroux.com\/es\/wp-json\/wp\/v2\/media\/27870"}],"wp:attachment":[{"href":"https:\/\/www.crulamouroux.com\/es\/wp-json\/wp\/v2\/media?parent=849"}],"curies":[{"name":"wp","href":"https:\/\/api.w.org\/{rel}","templated":true}]}}