{"id":807,"date":"2014-08-27T12:41:52","date_gmt":"2014-08-27T11:41:52","guid":{"rendered":"https:\/\/www.crulamouroux.com\/produit\/cuvee-pierre-yves\/"},"modified":"2024-12-04T07:40:27","modified_gmt":"2024-12-04T06:40:27","slug":"cuvee-charlie","status":"publish","type":"product","link":"https:\/\/www.crulamouroux.com\/en\/boutique\/cuvee-charlie\/","title":{"rendered":"Cuv\u00e9e Charlie 2016"},"content":{"rendered":"<p>[vc_row gap=&#8221;20&#8243;][vc_column css_animation=&#8221;slideInLeft&#8221; width=&#8221;1\/3&#8243; css=&#8221;.vc_custom_1612868365340{padding-top: 10px !important;padding-right: 10px !important;padding-bottom: 10px !important;padding-left: 10px !important;}&#8221;][vc_single_image image=&#8221;28821&#8243; img_size=&#8221;60&#215;60&#8243;][vc_column_text]<\/p>\n<h3><span style=\"color: #d19234;\">Historique :<\/span><\/h3>\n<p>Pr\u00e9nom de la fille l\u2019actuel propri\u00e9taire, s\u00e9lection de grains passerill\u00e9s <em>(concentration des jus sur le cep)<\/em> expos\u00e9 plein Sud sur des terrasses avec des rendements minima <em>(6 hl\/ha)<\/em> et protection de la r\u00e9colte par mise en place de filets[\/vc_column_text][\/vc_column][vc_column css_animation=&#8221;slideInUp&#8221; width=&#8221;1\/3&#8243;][vc_single_image image=&#8221;28833&#8243; img_size=&#8221;60&#215;60&#8243;][vc_column_text]<\/p>\n<h3><span style=\"color: #d19234;\">Production :<\/span><\/h3>\n<p>R\u00e9colt\u00e9 le plus tardivement <em>(fin d\u00e9cembre \u2013 d\u00e9but janvier)<\/em>, la cueillette manuelle se fait exclusivement sur des pieds de Petit Manseng en exposition Sud avec une concentration de sucres pouvant atteindre 340 g\/l.[\/vc_column_text][\/vc_column][vc_column css_animation=&#8221;slideInRight&#8221; width=&#8221;1\/3&#8243;][vc_single_image image=&#8221;28818&#8243; img_size=&#8221;60&#215;60&#8243;][vc_column_text]<\/p>\n<h3><span style=\"color: #d19234;\">Vinification :<\/span><\/h3>\n<p>100% Petit Manseng, la maturation est suivie d\u2019un repos stabilisateur en cuves inox d\u2019environ 2 ans. Cette cuv\u00e9e est finalis\u00e9e par un \u00e9levage de 6 ans en barriques de ch\u00eane neutre.[\/vc_column_text][\/vc_column][\/vc_row][vc_row gap=&#8221;20&#8243;][vc_column css_animation=&#8221;slideInLeft&#8221; width=&#8221;1\/3&#8243;][vc_single_image image=&#8221;28676&#8243; img_size=&#8221;60&#215;60&#8243;][vc_column_text]<\/p>\n<h3><span style=\"color: #d19234;\">Robe :<\/span><\/h3>\n<p>Couleur cuivr\u00e9e, ambr\u00e9e.[\/vc_column_text][\/vc_column][vc_column css_animation=&#8221;slideInUp&#8221; width=&#8221;1\/3&#8243;][vc_single_image image=&#8221;28830&#8243; img_size=&#8221;60&#215;60&#8243;][vc_column_text]<\/p>\n<h3><span style=\"color: #d19234;\">Nez :<\/span><\/h3>\n<p>Ar\u00f4mes de fruits confits <em>(figues s\u00e8ches, prunes)<\/em>, tout en conservant une valeur aromatique intense relev\u00e9e par une pointe d\u2019acidit\u00e9 <em>(bonbon acidul\u00e9)<\/em>.[\/vc_column_text][\/vc_column][vc_column css_animation=&#8221;slideInRight&#8221; width=&#8221;1\/3&#8243;][vc_single_image image=&#8221;28824&#8243; img_size=&#8221;60&#215;60&#8243;][vc_column_text]<\/p>\n<h3><span style=\"color: #d19234;\">Bouche :<\/span><\/h3>\n<p>Riche, puissante et persistante, tr\u00e8s fra\u00eeche, tr\u00e8s longue qui ne finit pas de s\u2019exprimer en ar\u00f4mes de raisin de Corinthe.[\/vc_column_text][\/vc_column][\/vc_row][vc_row gap=&#8221;20&#8243;][vc_column css_animation=&#8221;slideInLeft&#8221; width=&#8221;1\/2&#8243;][vc_single_image image=&#8221;28827&#8243; img_size=&#8221;60&#215;60&#8243;][vc_column_text]<\/p>\n<h3><span style=\"color: #d19234;\">Conseil :<\/span><\/h3>\n<p>Cette cuv\u00e9e se savoure entre <strong>10 et 12\u00b0C<\/strong>, en ap\u00e9ritif, sur foie gras po\u00eal\u00e9, fromages forts, saumon fum\u00e9 ou g\u00e2teaux au chocolat amer.<\/p>\n<blockquote><p><strong><span style=\"color: #d19234;\">Cette cuv\u00e9e, bouch\u00e9e au li\u00e8ge naturel, peut aussi se conserver (de 40 \u00e0 50 ans).<\/span><\/strong><\/p><\/blockquote>\n<p>[\/vc_column_text][\/vc_column][vc_column css_animation=&#8221;slideInRight&#8221; width=&#8221;1\/2&#8243;][\/vc_column][\/vc_row][vc_row full_width=&#8221;stretch_row_content_no_spaces&#8221; margin_top=&#8221;0&#8243; margin_bottom=&#8221;0&#8243; padding_left=&#8221;40&#8243; padding_right=&#8221;40&#8243; bg_position=&#8221;top&#8221; bg_repeat=&#8221;no-repeat&#8221; bg_cover=&#8221;false&#8221; bg_attachment=&#8221;false&#8221; padding_top=&#8221;40&#8243; padding_bottom=&#8221;40&#8243; parallax_speed=&#8221;0.1&#8243; type=&#8221;1&#8243; css=&#8221;.vc_custom_1612831765671{margin-bottom: 0px !important;padding-bottom: 0px !important;background-color: rgba(209,146,52,0.1) !important;*background-color: rgb(209,146,52) !important;}&#8221;][vc_column][vc_empty_space height=&#8221;30px&#8221;][vc_column_text]<\/p>\n<h2 style=\"text-align: center;\">Nos Vins<\/h2>\n<p>[\/vc_column_text][vc_separator color=&#8221;custom&#8221; border_width=&#8221;5&#8243; el_width=&#8221;10&#8243; accent_color=&#8221;#d19234&#8243;][vc_empty_space height=&#8221;30px&#8221;][vc_row_inner][vc_column_inner width=&#8221;1\/6&#8243;][\/vc_column_inner][vc_column_inner width=&#8221;1\/3&#8243;][vc_single_image image=&#8221;28942&#8243; img_size=&#8221;313&#215;650&#8243; alignment=&#8221;center&#8221; css_animation=&#8221;slideInLeft&#8221;][vc_column_text]<\/p>\n<h2 style=\"text-align: center;\">Juran\u00e7on Sec<\/h2>\n<h2 style=\"color: #d19234; text-align: center; font-size: 14px;\">Sec<\/h2>\n<p>[\/vc_column_text][vc_btn title=&#8221;Acheter ce vin&#8221; style=&#8221;outline-custom&#8221; outline_custom_color=&#8221;#d19234&#8243; outline_custom_hover_background=&#8221;#d19234&#8243; outline_custom_hover_text=&#8221;#ffffff&#8221; shape=&#8221;round&#8221; align=&#8221;center&#8221; link=&#8221;url:%2Fboutique%2Fjurancon-sec%2F|||&#8221;][\/vc_column_inner][vc_column_inner width=&#8221;1\/3&#8243;][vc_single_image image=&#8221;28939&#8243; img_size=&#8221;313&#215;650&#8243; alignment=&#8221;center&#8221; css_animation=&#8221;slideInRight&#8221;][vc_column_text]<\/p>\n<h2 style=\"text-align: center;\">Juran\u00e7on Doux<\/h2>\n<h2 style=\"color: #d19234; text-align: center; font-size: 14px;\">Doux<\/h2>\n<p>[\/vc_column_text][vc_btn title=&#8221;Acheter ce vin&#8221; style=&#8221;outline-custom&#8221; outline_custom_color=&#8221;#d19234&#8243; outline_custom_hover_background=&#8221;#d19234&#8243; outline_custom_hover_text=&#8221;#ffffff&#8221; shape=&#8221;round&#8221; align=&#8221;center&#8221; link=&#8221;url:%2Fboutique%2Fjurancon-doux%2F|||&#8221;][\/vc_column_inner][vc_column_inner width=&#8221;1\/6&#8243;][\/vc_column_inner][\/vc_row_inner][vc_empty_space][\/vc_column][\/vc_row][vc_row full_width=&#8221;stretch_row&#8221; margin_top=&#8221;0&#8243; margin_bottom=&#8221;0&#8243; padding_left=&#8221;40&#8243; padding_right=&#8221;40&#8243; bg_position=&#8221;top&#8221; bg_repeat=&#8221;no-repeat&#8221; bg_cover=&#8221;false&#8221; bg_attachment=&#8221;false&#8221; padding_top=&#8221;40&#8243; padding_bottom=&#8221;40&#8243; parallax_speed=&#8221;0.1&#8243; type=&#8221;1&#8243; css=&#8221;.vc_custom_1612868133956{margin-bottom: 0px !important;padding-bottom: 0px !important;background-color: rgba(29,45,64,0.1) !important;*background-color: rgb(29,45,64) !important;}&#8221;][vc_column][vc_empty_space][vc_single_image image=&#8221;28836&#8243; img_size=&#8221;120&#215;120&#8243; alignment=&#8221;center&#8221; css_animation=&#8221;slideInUp&#8221;][vc_column_text]<\/p>\n<p style=\"text-align: center;\">Livraison<strong> en France M\u00e9tropolitaine uniquement.<\/strong><\/p>\n<p>[\/vc_column_text][vc_empty_space][vc_column_text]<\/p>\n<h3 style=\"text-align: center;\">Nous appliquons les tarifs de livraison du transporteur :<\/h3>\n<p>[\/vc_column_text][vc_empty_space height=&#8221;20px&#8221;][vc_row_inner][vc_column_inner width=&#8221;1\/3&#8243;][vc_single_image image=&#8221;28842&#8243; img_size=&#8221;90&#215;90&#8243; alignment=&#8221;center&#8221; css_animation=&#8221;slideInUp&#8221;][vc_column_text]<\/p>\n<p style=\"text-align: center;\">3 bouteilles : <strong>17\u20ac<\/strong><br \/>\nDe 4 \u00e0 12 bouteilles : <strong>34\u20ac<\/strong><br \/>\nDe 13 \u00e0 23 bouteilles : <strong>42\u20ac<\/strong><\/p>\n<p>[\/vc_column_text][\/vc_column_inner][vc_column_inner width=&#8221;1\/3&#8243;][vc_single_image image=&#8221;28845&#8243; img_size=&#8221;90&#215;90&#8243; alignment=&#8221;center&#8221; css_animation=&#8221;slideInUp&#8221;][vc_column_text]<\/p>\n<p style=\"text-align: center;\"><strong>Livraison offerte<\/strong><\/p>\n<p style=\"text-align: center;\">\u00e0 partir de 24 bouteilles.<\/p>\n<p>[\/vc_column_text][\/vc_column_inner][vc_column_inner width=&#8221;1\/3&#8243;][vc_single_image image=&#8221;28839&#8243; img_size=&#8221;90&#215;90&#8243; alignment=&#8221;center&#8221; css_animation=&#8221;slideInUp&#8221;][vc_column_text]<\/p>\n<p style=\"text-align: center;\"><strong>A partir de 100\u20ac d\u2019achat,<\/strong><\/p>\n<p style=\"text-align: center;\">un cadeau dans votre commande.<\/p>\n<p>[\/vc_column_text][\/vc_column_inner][\/vc_row_inner][\/vc_column][\/vc_row][vc_row full_width=&#8221;stretch_row_content_no_spaces&#8221; margin_top=&#8221;0&#8243; margin_bottom=&#8221;0&#8243; padding_left=&#8221;40&#8243; padding_right=&#8221;40&#8243; bg_position=&#8221;top&#8221; bg_repeat=&#8221;no-repeat&#8221; bg_cover=&#8221;false&#8221; bg_attachment=&#8221;false&#8221; padding_top=&#8221;40&#8243; padding_bottom=&#8221;40&#8243; parallax_speed=&#8221;0.1&#8243; type=&#8221;1&#8243; css=&#8221;.vc_custom_1612868209714{margin-bottom: 0px !important;padding-bottom: 0px !important;background-color: rgba(29,45,64,0.1) !important;*background-color: rgb(29,45,64) !important;}&#8221;][vc_column][vc_single_image image=&#8221;28429&#8243; img_size=&#8221;full&#8221; css=&#8221;.vc_custom_1612462517666{margin-bottom: 0px !important;padding-bottom: 0px !important;}&#8221;][\/vc_column][\/vc_row]<\/p>\n","protected":false},"excerpt":{"rendered":"<p>[vc_row full_width=&#8221;stretch_row&#8221; css=&#8221;.vc_custom_1612447985682{margin-top: 60px !important;background-position: 0 0 !important;background-repeat: no-repeat !important;}&#8221;][vc_column][vc_column_text]<\/p>\n<h1 style=\"text-align: left;\"><span style=\"color: #d19234;\">Cru Lamouroux<\/span><\/h1>\n<h4 style=\"text-transform: uppercase; text-align: left;\">Cuv\u00e9e Pierre-Yves 2005<\/h4>\n<p>[\/vc_column_text][vc_single_image image=&#8221;28848&#8243; img_size=&#8221;medium&#8221;][vc_single_image image=&#8221;28852&#8243; img_size=&#8221;large&#8221; css_animation=&#8221;fadeIn&#8221;][vc_empty_space height=&#8221;30px&#8221;][\/vc_column][\/vc_row]<\/p>\n","protected":false},"featured_media":28936,"comment_status":"closed","ping_status":"closed","template":"","meta":[],"product_cat":[63],"product_tag":[35,34,33,32,29,39,31,53,40],"class_list":["post-807","product","type-product","status-publish","has-post-thumbnail","hentry","product_cat-non-classe","product_tag-bearn","product_tag-doux","product_tag-jurancon","product_tag-moelleux","product_tag-vin","product_tag-vino","product_tag-wine","product_tag-wine-bearn","product_tag-winetasting","product_shipping_class-bouteille","description-off"],"yoast_head":"<!-- This site is optimized with the Yoast SEO plugin v24.0 - https:\/\/yoast.com\/wordpress\/plugins\/seo\/ -->\n<title>Cuv\u00e9e Charlie 2016 - Cru Lamouroux<\/title>\n<meta name=\"description\" content=\"Aoc Juran\u00e7on Cru Lamouroux ,un vin moelleux nich\u00e9 au pied des Pyr\u00e9n\u00e9es.\" \/>\n<meta name=\"robots\" content=\"index, follow, max-snippet:-1, max-image-preview:large, max-video-preview:-1\" \/>\n<link rel=\"canonical\" href=\"https:\/\/www.crulamouroux.com\/boutique\/cuvee-charlie\/\" \/>\n<meta property=\"og:locale\" content=\"en_US\" \/>\n<meta property=\"og:type\" content=\"article\" \/>\n<meta property=\"og:title\" content=\"Cuv\u00e9e Charlie 2016 - Cru Lamouroux\" \/>\n<meta property=\"og:description\" content=\"Aoc Juran\u00e7on Cru Lamouroux ,un vin moelleux nich\u00e9 au pied des Pyr\u00e9n\u00e9es.\" \/>\n<meta property=\"og:url\" content=\"https:\/\/www.crulamouroux.com\/boutique\/cuvee-charlie\/\" \/>\n<meta property=\"og:site_name\" content=\"Cru Lamouroux\" \/>\n<meta property=\"article:publisher\" content=\"https:\/\/www.facebook.com\/jurancon.crulamouroux\" \/>\n<meta property=\"article:modified_time\" content=\"2024-12-04T06:40:27+00:00\" \/>\n<meta property=\"og:image\" content=\"https:\/\/www.crulamouroux.com\/wp-content\/uploads\/2021\/02\/cru-lamouroux-cuve-yves-2.png\" \/>\n\t<meta property=\"og:image:width\" content=\"945\" \/>\n\t<meta property=\"og:image:height\" content=\"1388\" \/>\n\t<meta property=\"og:image:type\" content=\"image\/png\" \/>\n<meta name=\"twitter:card\" content=\"summary_large_image\" \/>\n<meta name=\"twitter:site\" content=\"@CruLamouroux\" \/>\n<meta name=\"twitter:label1\" content=\"Est. reading time\" \/>\n\t<meta name=\"twitter:data1\" content=\"6 minutes\" \/>\n<script type=\"application\/ld+json\" class=\"yoast-schema-graph\">{\"@context\":\"https:\/\/schema.org\",\"@graph\":[{\"@type\":\"WebPage\",\"@id\":\"https:\/\/www.crulamouroux.com\/boutique\/cuvee-charlie\/\",\"url\":\"https:\/\/www.crulamouroux.com\/boutique\/cuvee-charlie\/\",\"name\":\"Cuv\u00e9e Charlie 2016 - Cru Lamouroux\",\"isPartOf\":{\"@id\":\"https:\/\/www.crulamouroux.com\/#website\"},\"primaryImageOfPage\":{\"@id\":\"https:\/\/www.crulamouroux.com\/boutique\/cuvee-charlie\/#primaryimage\"},\"image\":{\"@id\":\"https:\/\/www.crulamouroux.com\/boutique\/cuvee-charlie\/#primaryimage\"},\"thumbnailUrl\":\"https:\/\/www.crulamouroux.com\/wp-content\/uploads\/2021\/02\/cru-lamouroux-cuve-yves-2.png\",\"datePublished\":\"2014-08-27T11:41:52+00:00\",\"dateModified\":\"2024-12-04T06:40:27+00:00\",\"description\":\"Aoc Juran\u00e7on Cru Lamouroux ,un vin moelleux nich\u00e9 au pied des Pyr\u00e9n\u00e9es.\",\"breadcrumb\":{\"@id\":\"https:\/\/www.crulamouroux.com\/boutique\/cuvee-charlie\/#breadcrumb\"},\"inLanguage\":\"en-US\",\"potentialAction\":[{\"@type\":\"ReadAction\",\"target\":[\"https:\/\/www.crulamouroux.com\/boutique\/cuvee-charlie\/\"]}]},{\"@type\":\"ImageObject\",\"inLanguage\":\"en-US\",\"@id\":\"https:\/\/www.crulamouroux.com\/boutique\/cuvee-charlie\/#primaryimage\",\"url\":\"https:\/\/www.crulamouroux.com\/wp-content\/uploads\/2021\/02\/cru-lamouroux-cuve-yves-2.png\",\"contentUrl\":\"https:\/\/www.crulamouroux.com\/wp-content\/uploads\/2021\/02\/cru-lamouroux-cuve-yves-2.png\",\"width\":945,\"height\":1388},{\"@type\":\"BreadcrumbList\",\"@id\":\"https:\/\/www.crulamouroux.com\/boutique\/cuvee-charlie\/#breadcrumb\",\"itemListElement\":[{\"@type\":\"ListItem\",\"position\":1,\"name\":\"Accueil\",\"item\":\"https:\/\/www.crulamouroux.com\/en\/\"},{\"@type\":\"ListItem\",\"position\":2,\"name\":\"Produits\",\"item\":\"https:\/\/www.crulamouroux.com\/shop\/\"},{\"@type\":\"ListItem\",\"position\":3,\"name\":\"Cuv\u00e9e Charlie 2016\"}]},{\"@type\":\"WebSite\",\"@id\":\"https:\/\/www.crulamouroux.com\/#website\",\"url\":\"https:\/\/www.crulamouroux.com\/\",\"name\":\"Cru Lamouroux\",\"description\":\"Appellation Juran\u00e7on Contr\u00f4l\u00e9e\",\"potentialAction\":[{\"@type\":\"SearchAction\",\"target\":{\"@type\":\"EntryPoint\",\"urlTemplate\":\"https:\/\/www.crulamouroux.com\/?s={search_term_string}\"},\"query-input\":{\"@type\":\"PropertyValueSpecification\",\"valueRequired\":true,\"valueName\":\"search_term_string\"}}],\"inLanguage\":\"en-US\"}]}<\/script>\n<!-- \/ Yoast SEO plugin. -->","yoast_head_json":{"title":"Cuv\u00e9e Charlie 2016 - Cru Lamouroux","description":"Aoc Juran\u00e7on Cru Lamouroux ,un vin moelleux nich\u00e9 au pied des Pyr\u00e9n\u00e9es.","robots":{"index":"index","follow":"follow","max-snippet":"max-snippet:-1","max-image-preview":"max-image-preview:large","max-video-preview":"max-video-preview:-1"},"canonical":"https:\/\/www.crulamouroux.com\/boutique\/cuvee-charlie\/","og_locale":"en_US","og_type":"article","og_title":"Cuv\u00e9e Charlie 2016 - Cru Lamouroux","og_description":"Aoc Juran\u00e7on Cru Lamouroux ,un vin moelleux nich\u00e9 au pied des Pyr\u00e9n\u00e9es.","og_url":"https:\/\/www.crulamouroux.com\/boutique\/cuvee-charlie\/","og_site_name":"Cru Lamouroux","article_publisher":"https:\/\/www.facebook.com\/jurancon.crulamouroux","article_modified_time":"2024-12-04T06:40:27+00:00","og_image":[{"width":945,"height":1388,"url":"https:\/\/www.crulamouroux.com\/wp-content\/uploads\/2021\/02\/cru-lamouroux-cuve-yves-2.png","type":"image\/png"}],"twitter_card":"summary_large_image","twitter_site":"@CruLamouroux","twitter_misc":{"Est. reading time":"6 minutes"},"schema":{"@context":"https:\/\/schema.org","@graph":[{"@type":"WebPage","@id":"https:\/\/www.crulamouroux.com\/boutique\/cuvee-charlie\/","url":"https:\/\/www.crulamouroux.com\/boutique\/cuvee-charlie\/","name":"Cuv\u00e9e Charlie 2016 - Cru Lamouroux","isPartOf":{"@id":"https:\/\/www.crulamouroux.com\/#website"},"primaryImageOfPage":{"@id":"https:\/\/www.crulamouroux.com\/boutique\/cuvee-charlie\/#primaryimage"},"image":{"@id":"https:\/\/www.crulamouroux.com\/boutique\/cuvee-charlie\/#primaryimage"},"thumbnailUrl":"https:\/\/www.crulamouroux.com\/wp-content\/uploads\/2021\/02\/cru-lamouroux-cuve-yves-2.png","datePublished":"2014-08-27T11:41:52+00:00","dateModified":"2024-12-04T06:40:27+00:00","description":"Aoc Juran\u00e7on Cru Lamouroux ,un vin moelleux nich\u00e9 au pied des Pyr\u00e9n\u00e9es.","breadcrumb":{"@id":"https:\/\/www.crulamouroux.com\/boutique\/cuvee-charlie\/#breadcrumb"},"inLanguage":"en-US","potentialAction":[{"@type":"ReadAction","target":["https:\/\/www.crulamouroux.com\/boutique\/cuvee-charlie\/"]}]},{"@type":"ImageObject","inLanguage":"en-US","@id":"https:\/\/www.crulamouroux.com\/boutique\/cuvee-charlie\/#primaryimage","url":"https:\/\/www.crulamouroux.com\/wp-content\/uploads\/2021\/02\/cru-lamouroux-cuve-yves-2.png","contentUrl":"https:\/\/www.crulamouroux.com\/wp-content\/uploads\/2021\/02\/cru-lamouroux-cuve-yves-2.png","width":945,"height":1388},{"@type":"BreadcrumbList","@id":"https:\/\/www.crulamouroux.com\/boutique\/cuvee-charlie\/#breadcrumb","itemListElement":[{"@type":"ListItem","position":1,"name":"Accueil","item":"https:\/\/www.crulamouroux.com\/en\/"},{"@type":"ListItem","position":2,"name":"Produits","item":"https:\/\/www.crulamouroux.com\/shop\/"},{"@type":"ListItem","position":3,"name":"Cuv\u00e9e Charlie 2016"}]},{"@type":"WebSite","@id":"https:\/\/www.crulamouroux.com\/#website","url":"https:\/\/www.crulamouroux.com\/","name":"Cru Lamouroux","description":"Appellation Juran\u00e7on Contr\u00f4l\u00e9e","potentialAction":[{"@type":"SearchAction","target":{"@type":"EntryPoint","urlTemplate":"https:\/\/www.crulamouroux.com\/?s={search_term_string}"},"query-input":{"@type":"PropertyValueSpecification","valueRequired":true,"valueName":"search_term_string"}}],"inLanguage":"en-US"}]}},"_links":{"self":[{"href":"https:\/\/www.crulamouroux.com\/en\/wp-json\/wp\/v2\/product\/807","targetHints":{"allow":["GET"]}}],"collection":[{"href":"https:\/\/www.crulamouroux.com\/en\/wp-json\/wp\/v2\/product"}],"about":[{"href":"https:\/\/www.crulamouroux.com\/en\/wp-json\/wp\/v2\/types\/product"}],"replies":[{"embeddable":true,"href":"https:\/\/www.crulamouroux.com\/en\/wp-json\/wp\/v2\/comments?post=807"}],"wp:featuredmedia":[{"embeddable":true,"href":"https:\/\/www.crulamouroux.com\/en\/wp-json\/wp\/v2\/media\/28936"}],"wp:attachment":[{"href":"https:\/\/www.crulamouroux.com\/en\/wp-json\/wp\/v2\/media?parent=807"}],"wp:term":[{"taxonomy":"product_cat","embeddable":true,"href":"https:\/\/www.crulamouroux.com\/en\/wp-json\/wp\/v2\/product_cat?post=807"},{"taxonomy":"product_tag","embeddable":true,"href":"https:\/\/www.crulamouroux.com\/en\/wp-json\/wp\/v2\/product_tag?post=807"}],"curies":[{"name":"wp","href":"https:\/\/api.w.org\/{rel}","templated":true}]}}