{"id":954,"date":"2014-08-05T08:36:18","date_gmt":"2014-08-05T07:36:18","guid":{"rendered":"https:\/\/www.crulamouroux.com\/?page_id=954"},"modified":"2021-02-10T17:24:06","modified_gmt":"2021-02-10T16:24:06","slug":"galerie","status":"publish","type":"page","link":"https:\/\/www.crulamouroux.com\/en\/galerie\/","title":{"rendered":"Galerie"},"content":{"rendered":"<p>[vc_row full_width=&#8221;stretch_row&#8221; css=&#8221;.vc_custom_1612447985682{margin-top: 60px !important;background-position: 0 0 !important;background-repeat: no-repeat !important;}&#8221;][vc_column][vc_column_text]<\/p>\n<h4 style=\"text-align: center;\"><span style=\"color: #999999;\">GALERIE<\/span><\/h4>\n<h1 style=\"text-align: center;\"><span style=\"color: #d19234;\">Cru Lamouroux<\/span><\/h1>\n<h6 style=\"text-align: center; text-transform: uppercase;\">AOC Juran\u00e7on<\/h6>\n<p>[\/vc_column_text][vc_single_image image=&#8221;28389&#8243; img_size=&#8221;medium&#8221; alignment=&#8221;center&#8221;][\/vc_column][\/vc_row][vc_row full_width=&#8221;stretch_row&#8221; margin_top=&#8221;20&#8243; margin_bottom=&#8221;20&#8243; padding_left=&#8221;40&#8243; padding_right=&#8221;40&#8243; bg_position=&#8221;top&#8221; bg_repeat=&#8221;no-repeat&#8221; bg_cover=&#8221;false&#8221; bg_attachment=&#8221;false&#8221; padding_top=&#8221;40&#8243; padding_bottom=&#8221;40&#8243; parallax_speed=&#8221;0.1&#8243; css=&#8221;.vc_custom_1612884527669{margin-bottom: 20px !important;background-position: 0 0 !important;background-repeat: no-repeat !important;}&#8221;][vc_column][vc_media_grid style=&#8221;load-more&#8221; element_width=&#8221;3&#8243; btn_title=&#8221;Voir Plus&#8221; btn_style=&#8221;outline-custom&#8221; btn_outline_custom_color=&#8221;#d19234&#8243; btn_outline_custom_hover_background=&#8221;#d19234&#8243; btn_outline_custom_hover_text=&#8221;#ffffff&#8221; btn_shape=&#8221;round&#8221; btn_align=&#8221;center&#8221; initial_loading_animation=&#8221;slideInUp&#8221; grid_id=&#8221;vc_gid:1612974092171-a2b4f597-b06c-0&#8243; include=&#8221;28976,29019,29016,29013,29010,28979,28995,28998,29004,29007,28960,28951,28973,29022,29001,29054,29060,29063,29066,29095,29069,29092,29089,29086,29083,29080,29077,29073&#8243;][\/vc_column][\/vc_row][vc_row full_width=&#8221;stretch_row&#8221; disable_element=&#8221;yes&#8221; margin_top=&#8221;20&#8243; margin_bottom=&#8221;20&#8243; padding_left=&#8221;40&#8243; padding_right=&#8221;40&#8243; bg_position=&#8221;top&#8221; bg_repeat=&#8221;no-repeat&#8221; bg_cover=&#8221;false&#8221; bg_attachment=&#8221;false&#8221; padding_top=&#8221;40&#8243; padding_bottom=&#8221;40&#8243; parallax_speed=&#8221;0.1&#8243; css=&#8221;.vc_custom_1612971572865{margin-bottom: 20px !important;background-position: 0 0 !important;background-repeat: no-repeat !important;}&#8221;][vc_column][vc_media_grid style=&#8221;load-more&#8221; element_width=&#8221;3&#8243; btn_title=&#8221;Voir Plus&#8221; btn_style=&#8221;outline-custom&#8221; btn_outline_custom_color=&#8221;#d19234&#8243; btn_outline_custom_hover_background=&#8221;#d19234&#8243; btn_outline_custom_hover_text=&#8221;#ffffff&#8221; btn_shape=&#8221;round&#8221; btn_align=&#8221;center&#8221; initial_loading_animation=&#8221;slideInUp&#8221; grid_id=&#8221;vc_gid:1612974092175-e8b61210-d878-0&#8243; include=&#8221;27846,734,738,742,711,545,97,746,677,715,417,210,772,723,693,689,719,666,542,576,503,27936,377,27874,163,27868,27883,27880,27893,27877,251,245,214,160,161,90&#8243;][\/vc_column][\/vc_row][vc_row full_width=&#8221;stretch_row_content_no_spaces&#8221; margin_top=&#8221;0&#8243; margin_bottom=&#8221;0&#8243; padding_left=&#8221;40&#8243; padding_right=&#8221;40&#8243; bg_position=&#8221;top&#8221; bg_repeat=&#8221;no-repeat&#8221; bg_cover=&#8221;false&#8221; bg_attachment=&#8221;false&#8221; padding_top=&#8221;40&#8243; padding_bottom=&#8221;40&#8243; parallax_speed=&#8221;0.1&#8243; type=&#8221;1&#8243; css=&#8221;.vc_custom_1612462043237{margin-bottom: 0px !important;padding-bottom: 0px !important;}&#8221;][vc_column][vc_single_image image=&#8221;28429&#8243; img_size=&#8221;full&#8221; css=&#8221;.vc_custom_1612462517666{margin-bottom: 0px !important;padding-bottom: 0px !important;}&#8221;][\/vc_column][\/vc_row]<\/p>\n","protected":false},"excerpt":{"rendered":"<p>[vc_row full_width=&#8221;stretch_row&#8221; css=&#8221;.vc_custom_1612447985682{margin-top: 60px !important;background-position: 0 0 !important;background-repeat: no-repeat !important;}&#8221;][vc_column][vc_column_text] GALERIE Cru Lamouroux AOC Juran\u00e7on [\/vc_column_text][vc_single_image image=&#8221;28389&#8243; img_size=&#8221;medium&#8221; alignment=&#8221;center&#8221;][\/vc_column][\/vc_row][vc_row full_width=&#8221;stretch_row&#8221; margin_top=&#8221;20&#8243; margin_bottom=&#8221;20&#8243; padding_left=&#8221;40&#8243; padding_right=&#8221;40&#8243; bg_position=&#8221;top&#8221; bg_repeat=&#8221;no-repeat&#8221; bg_cover=&#8221;false&#8221; bg_attachment=&#8221;false&#8221; padding_top=&#8221;40&#8243; padding_bottom=&#8221;40&#8243; parallax_speed=&#8221;0.1&#8243; css=&#8221;.vc_custom_1612884527669{margin-bottom: 20px !important;background-position: 0 0 !important;background-repeat: no-repeat !important;}&#8221;][vc_column][vc_media_grid style=&#8221;load-more&#8221; element_width=&#8221;3&#8243; btn_title=&#8221;Voir Plus&#8221; btn_style=&#8221;outline-custom&#8221; btn_outline_custom_color=&#8221;#d19234&#8243; btn_outline_custom_hover_background=&#8221;#d19234&#8243; btn_outline_custom_hover_text=&#8221;#ffffff&#8221; btn_shape=&#8221;round&#8221; btn_align=&#8221;center&#8221; initial_loading_animation=&#8221;slideInUp&#8221; grid_id=&#8221;vc_gid:1612974092171-a2b4f597-b06c-0&#8243; include=&#8221;28976,29019,29016,29013,29010,28979,28995,28998,29004,29007,28960,28951,28973,29022,29001,29054,29060,29063,29066,29095,29069,29092,29089,29086,29083,29080,29077,29073&#8243;][\/vc_column][\/vc_row][vc_row full_width=&#8221;stretch_row&#8221; disable_element=&#8221;yes&#8221; margin_top=&#8221;20&#8243;&hellip;<\/p>\n","protected":false},"author":1,"featured_media":0,"parent":0,"menu_order":3,"comment_status":"closed","ping_status":"closed","template":"","meta":[],"class_list":["post-954","page","type-page","status-publish","hentry","description-off"],"yoast_head":"<!-- This site is optimized with the Yoast SEO plugin v24.0 - https:\/\/yoast.com\/wordpress\/plugins\/seo\/ -->\n<title>Galerie - Cru Lamouroux<\/title>\n<meta name=\"robots\" content=\"index, follow, max-snippet:-1, max-image-preview:large, max-video-preview:-1\" \/>\n<link rel=\"canonical\" href=\"https:\/\/www.crulamouroux.com\/en\/galerie\/\" \/>\n<meta property=\"og:locale\" content=\"en_US\" \/>\n<meta property=\"og:type\" content=\"article\" \/>\n<meta property=\"og:title\" content=\"Galerie - Cru Lamouroux\" \/>\n<meta property=\"og:description\" content=\"[vc_row full_width=&#8221;stretch_row&#8221; css=&#8221;.vc_custom_1612447985682{margin-top: 60px !important;background-position: 0 0 !important;background-repeat: no-repeat !important;}&#8221;][vc_column][vc_column_text] GALERIE Cru Lamouroux AOC Juran\u00e7on [\/vc_column_text][vc_single_image image=&#8221;28389&#8243; img_size=&#8221;medium&#8221; alignment=&#8221;center&#8221;][\/vc_column][\/vc_row][vc_row full_width=&#8221;stretch_row&#8221; margin_top=&#8221;20&#8243; margin_bottom=&#8221;20&#8243; padding_left=&#8221;40&#8243; padding_right=&#8221;40&#8243; bg_position=&#8221;top&#8221; bg_repeat=&#8221;no-repeat&#8221; bg_cover=&#8221;false&#8221; bg_attachment=&#8221;false&#8221; padding_top=&#8221;40&#8243; padding_bottom=&#8221;40&#8243; parallax_speed=&#8221;0.1&#8243; css=&#8221;.vc_custom_1612884527669{margin-bottom: 20px !important;background-position: 0 0 !important;background-repeat: no-repeat !important;}&#8221;][vc_column][vc_media_grid style=&#8221;load-more&#8221; element_width=&#8221;3&#8243; btn_title=&#8221;Voir Plus&#8221; btn_style=&#8221;outline-custom&#8221; btn_outline_custom_color=&#8221;#d19234&#8243; btn_outline_custom_hover_background=&#8221;#d19234&#8243; btn_outline_custom_hover_text=&#8221;#ffffff&#8221; btn_shape=&#8221;round&#8221; btn_align=&#8221;center&#8221; initial_loading_animation=&#8221;slideInUp&#8221; grid_id=&#8221;vc_gid:1612974092171-a2b4f597-b06c-0&#8243; include=&#8221;28976,29019,29016,29013,29010,28979,28995,28998,29004,29007,28960,28951,28973,29022,29001,29054,29060,29063,29066,29095,29069,29092,29089,29086,29083,29080,29077,29073&#8243;][\/vc_column][\/vc_row][vc_row full_width=&#8221;stretch_row&#8221; disable_element=&#8221;yes&#8221; margin_top=&#8221;20&#8243;&hellip;\" \/>\n<meta property=\"og:url\" content=\"https:\/\/www.crulamouroux.com\/en\/galerie\/\" \/>\n<meta property=\"og:site_name\" content=\"Cru Lamouroux\" \/>\n<meta property=\"article:publisher\" content=\"https:\/\/www.facebook.com\/jurancon.crulamouroux\" \/>\n<meta property=\"article:modified_time\" content=\"2021-02-10T16:24:06+00:00\" \/>\n<meta name=\"twitter:card\" content=\"summary_large_image\" \/>\n<meta name=\"twitter:site\" content=\"@CruLamouroux\" \/>\n<meta name=\"twitter:label1\" content=\"Est. reading time\" \/>\n\t<meta name=\"twitter:data1\" content=\"2 minutes\" \/>\n<script type=\"application\/ld+json\" class=\"yoast-schema-graph\">{\"@context\":\"https:\/\/schema.org\",\"@graph\":[{\"@type\":\"WebPage\",\"@id\":\"https:\/\/www.crulamouroux.com\/en\/galerie\/\",\"url\":\"https:\/\/www.crulamouroux.com\/en\/galerie\/\",\"name\":\"Galerie - Cru Lamouroux\",\"isPartOf\":{\"@id\":\"https:\/\/www.crulamouroux.com\/#website\"},\"datePublished\":\"2014-08-05T07:36:18+00:00\",\"dateModified\":\"2021-02-10T16:24:06+00:00\",\"breadcrumb\":{\"@id\":\"https:\/\/www.crulamouroux.com\/en\/galerie\/#breadcrumb\"},\"inLanguage\":\"en-US\",\"potentialAction\":[{\"@type\":\"ReadAction\",\"target\":[\"https:\/\/www.crulamouroux.com\/en\/galerie\/\"]}]},{\"@type\":\"BreadcrumbList\",\"@id\":\"https:\/\/www.crulamouroux.com\/en\/galerie\/#breadcrumb\",\"itemListElement\":[{\"@type\":\"ListItem\",\"position\":1,\"name\":\"Accueil\",\"item\":\"https:\/\/www.crulamouroux.com\/en\/\"},{\"@type\":\"ListItem\",\"position\":2,\"name\":\"Galerie\"}]},{\"@type\":\"WebSite\",\"@id\":\"https:\/\/www.crulamouroux.com\/#website\",\"url\":\"https:\/\/www.crulamouroux.com\/\",\"name\":\"Cru Lamouroux\",\"description\":\"Appellation Juran\u00e7on Contr\u00f4l\u00e9e\",\"potentialAction\":[{\"@type\":\"SearchAction\",\"target\":{\"@type\":\"EntryPoint\",\"urlTemplate\":\"https:\/\/www.crulamouroux.com\/?s={search_term_string}\"},\"query-input\":{\"@type\":\"PropertyValueSpecification\",\"valueRequired\":true,\"valueName\":\"search_term_string\"}}],\"inLanguage\":\"en-US\"}]}<\/script>\n<!-- \/ Yoast SEO plugin. -->","yoast_head_json":{"title":"Galerie - Cru Lamouroux","robots":{"index":"index","follow":"follow","max-snippet":"max-snippet:-1","max-image-preview":"max-image-preview:large","max-video-preview":"max-video-preview:-1"},"canonical":"https:\/\/www.crulamouroux.com\/en\/galerie\/","og_locale":"en_US","og_type":"article","og_title":"Galerie - Cru Lamouroux","og_description":"[vc_row full_width=&#8221;stretch_row&#8221; css=&#8221;.vc_custom_1612447985682{margin-top: 60px !important;background-position: 0 0 !important;background-repeat: no-repeat !important;}&#8221;][vc_column][vc_column_text] GALERIE Cru Lamouroux AOC Juran\u00e7on [\/vc_column_text][vc_single_image image=&#8221;28389&#8243; img_size=&#8221;medium&#8221; alignment=&#8221;center&#8221;][\/vc_column][\/vc_row][vc_row full_width=&#8221;stretch_row&#8221; margin_top=&#8221;20&#8243; margin_bottom=&#8221;20&#8243; padding_left=&#8221;40&#8243; padding_right=&#8221;40&#8243; bg_position=&#8221;top&#8221; bg_repeat=&#8221;no-repeat&#8221; bg_cover=&#8221;false&#8221; bg_attachment=&#8221;false&#8221; padding_top=&#8221;40&#8243; padding_bottom=&#8221;40&#8243; parallax_speed=&#8221;0.1&#8243; css=&#8221;.vc_custom_1612884527669{margin-bottom: 20px !important;background-position: 0 0 !important;background-repeat: no-repeat !important;}&#8221;][vc_column][vc_media_grid style=&#8221;load-more&#8221; element_width=&#8221;3&#8243; btn_title=&#8221;Voir Plus&#8221; btn_style=&#8221;outline-custom&#8221; btn_outline_custom_color=&#8221;#d19234&#8243; btn_outline_custom_hover_background=&#8221;#d19234&#8243; btn_outline_custom_hover_text=&#8221;#ffffff&#8221; btn_shape=&#8221;round&#8221; btn_align=&#8221;center&#8221; initial_loading_animation=&#8221;slideInUp&#8221; grid_id=&#8221;vc_gid:1612974092171-a2b4f597-b06c-0&#8243; include=&#8221;28976,29019,29016,29013,29010,28979,28995,28998,29004,29007,28960,28951,28973,29022,29001,29054,29060,29063,29066,29095,29069,29092,29089,29086,29083,29080,29077,29073&#8243;][\/vc_column][\/vc_row][vc_row full_width=&#8221;stretch_row&#8221; disable_element=&#8221;yes&#8221; margin_top=&#8221;20&#8243;&hellip;","og_url":"https:\/\/www.crulamouroux.com\/en\/galerie\/","og_site_name":"Cru Lamouroux","article_publisher":"https:\/\/www.facebook.com\/jurancon.crulamouroux","article_modified_time":"2021-02-10T16:24:06+00:00","twitter_card":"summary_large_image","twitter_site":"@CruLamouroux","twitter_misc":{"Est. reading time":"2 minutes"},"schema":{"@context":"https:\/\/schema.org","@graph":[{"@type":"WebPage","@id":"https:\/\/www.crulamouroux.com\/en\/galerie\/","url":"https:\/\/www.crulamouroux.com\/en\/galerie\/","name":"Galerie - Cru Lamouroux","isPartOf":{"@id":"https:\/\/www.crulamouroux.com\/#website"},"datePublished":"2014-08-05T07:36:18+00:00","dateModified":"2021-02-10T16:24:06+00:00","breadcrumb":{"@id":"https:\/\/www.crulamouroux.com\/en\/galerie\/#breadcrumb"},"inLanguage":"en-US","potentialAction":[{"@type":"ReadAction","target":["https:\/\/www.crulamouroux.com\/en\/galerie\/"]}]},{"@type":"BreadcrumbList","@id":"https:\/\/www.crulamouroux.com\/en\/galerie\/#breadcrumb","itemListElement":[{"@type":"ListItem","position":1,"name":"Accueil","item":"https:\/\/www.crulamouroux.com\/en\/"},{"@type":"ListItem","position":2,"name":"Galerie"}]},{"@type":"WebSite","@id":"https:\/\/www.crulamouroux.com\/#website","url":"https:\/\/www.crulamouroux.com\/","name":"Cru Lamouroux","description":"Appellation Juran\u00e7on Contr\u00f4l\u00e9e","potentialAction":[{"@type":"SearchAction","target":{"@type":"EntryPoint","urlTemplate":"https:\/\/www.crulamouroux.com\/?s={search_term_string}"},"query-input":{"@type":"PropertyValueSpecification","valueRequired":true,"valueName":"search_term_string"}}],"inLanguage":"en-US"}]}},"_links":{"self":[{"href":"https:\/\/www.crulamouroux.com\/en\/wp-json\/wp\/v2\/pages\/954","targetHints":{"allow":["GET"]}}],"collection":[{"href":"https:\/\/www.crulamouroux.com\/en\/wp-json\/wp\/v2\/pages"}],"about":[{"href":"https:\/\/www.crulamouroux.com\/en\/wp-json\/wp\/v2\/types\/page"}],"author":[{"embeddable":true,"href":"https:\/\/www.crulamouroux.com\/en\/wp-json\/wp\/v2\/users\/1"}],"replies":[{"embeddable":true,"href":"https:\/\/www.crulamouroux.com\/en\/wp-json\/wp\/v2\/comments?post=954"}],"version-history":[{"count":10,"href":"https:\/\/www.crulamouroux.com\/en\/wp-json\/wp\/v2\/pages\/954\/revisions"}],"predecessor-version":[{"id":29099,"href":"https:\/\/www.crulamouroux.com\/en\/wp-json\/wp\/v2\/pages\/954\/revisions\/29099"}],"wp:attachment":[{"href":"https:\/\/www.crulamouroux.com\/en\/wp-json\/wp\/v2\/media?parent=954"}],"curies":[{"name":"wp","href":"https:\/\/api.w.org\/{rel}","templated":true}]}}