{"id":850,"date":"2014-08-05T08:35:44","date_gmt":"2014-08-05T07:35:44","guid":{"rendered":"https:\/\/www.crulamouroux.com\/?page_id=850"},"modified":"2021-02-24T07:56:30","modified_gmt":"2021-02-24T06:56:30","slug":"the-vineyard","status":"publish","type":"page","link":"https:\/\/www.crulamouroux.com\/en\/the-vineyard\/","title":{"rendered":"The Vineyard"},"content":{"rendered":"<p>[vc_row][vc_column][vc_column_text]<\/p>\n<h1 style=\"text-align: center;\">The Vineyard<\/h1>\n<h1 style=\"text-align: center;\"><span style=\"color: #d19234;\">Cru Lamouroux<\/span><\/h1>\n<h6 style=\"text-align: center; text-transform: uppercase;\">AOC Juran\u00e7on<\/h6>\n<p>[\/vc_column_text][vc_single_image image=&#8221;28390&#8243; img_size=&#8221;medium&#8221; alignment=&#8221;center&#8221;][vc_single_image image=&#8221;29029&#8243; img_size=&#8221;800&#215;600&#8243; alignment=&#8221;center&#8221; css_animation=&#8221;zoomIn&#8221;][vc_empty_space height=&#8221;50px&#8221;][\/vc_column][\/vc_row][vc_row type=&#8221;1&#8243; margin_top=&#8221;0&#8243; margin_bottom=&#8221;0&#8243; padding_left=&#8221;40&#8243; padding_right=&#8221;40&#8243; bg_position=&#8221;top&#8221; bg_repeat=&#8221;no-repeat&#8221; bg_cover=&#8221;false&#8221; bg_attachment=&#8221;false&#8221; padding_top=&#8221;40&#8243; padding_bottom=&#8221;40&#8243; parallax_speed=&#8221;0.1&#8243;][vc_column width=&#8221;1\/6&#8243;][\/vc_column][vc_column width=&#8221;2\/3&#8243;][vc_column_text]<\/p>\n<p style=\"text-align: center;\">The <span style=\"color: #d19234;\">Cru Lamouroux<\/span> vineyard, located in the heart of the Juran\u00e7on area, spreads on 5,3 hectares of south and south-west facing hillsides, with 20% to 40% slopes. The climatic conditions are optimum ; our vines are saturated with sun!<\/p>\n<p style=\"text-align: center;\">The vine varieties are the <span style=\"color: #d19234;\">Petit Manseng<\/span> grapes which are in majority for the sweet wines making process, and the <span style=\"color: #d19234;\">Gros Manseng<\/span> grapes, in majority in our Juran\u00e7on Sec (dry wine).<\/p>\n<p style=\"text-align: center;\">Two hectares of our vineyard are planted on terraces arranged like amphitheatre tiers, insuring a perfect sunshine. The remainder is planted along the slope.<\/p>\n<p style=\"text-align: center;\">After the harvest, the vine&#8217;s leaves fall ; the sap slows down gently until to stop completly ; the vines are in &#8220;dormance&#8221; : a well deserved rest, after a full year!<\/p>\n<p>[\/vc_column_text][\/vc_column][vc_column width=&#8221;1\/6&#8243;][\/vc_column][vc_column][vc_empty_space height=&#8221;70px&#8221;][\/vc_column][\/vc_row][vc_row full_width=&#8221;stretch_row_content_no_spaces&#8221; content_placement=&#8221;middle&#8221; css=&#8221;.vc_custom_1613462584066{margin-top: 0px !important;margin-bottom: 0px !important;background-position: center !important;background-repeat: no-repeat !important;background-size: cover !important;}&#8221;][vc_column width=&#8221;1\/2&#8243; css=&#8221;.vc_custom_1613461579908{background-image: url(https:\/\/www.crulamouroux.com\/wp-content\/uploads\/2021\/02\/Cru-lamouroux-vignes.jpg?id=28961) !important;background-position: center !important;background-repeat: no-repeat !important;background-size: cover !important;}&#8221;][vc_empty_space height=&#8221;550px&#8221;][\/vc_column][vc_column css_animation=&#8221;slideInRight&#8221; width=&#8221;1\/2&#8243; css=&#8221;.vc_custom_1613462731989{padding-top: 50px !important;padding-right: 50px !important;padding-bottom: 50px !important;padding-left: 50px !important;}&#8221;][vc_column_text]<\/p>\n<h1>The soil<\/h1>\n<h3 style=\"color: #d19234;\">Passion for the soil and the vine<\/h3>\n<p>[\/vc_column_text][vc_separator color=&#8221;custom&#8221; align=&#8221;align_left&#8221; border_width=&#8221;5&#8243; el_width=&#8221;10&#8243; accent_color=&#8221;#d19234&#8243;][vc_column_text]Most of the cares brought to our vineyard, are carried out\u00a0<strong>by hand<\/strong>. The vines are cut in the \u201cGuyot double\u201d manner ; the wood are cut and removed from the vine stock ; which is commonly named : \u201ctirage\u201d or \u201ctomb\u00e9e des bois\u201d. The vine shoots, fallen on the ground and crushed, give back to the soil, all the elements they contain. In this way, the soils are not impoverished and require few supply.<\/p>\n<p>Then the vines are bound by hand to make them grow in the properly direction. After that, the whole vineyard is carefully checked to notice all the dead vine stock.<\/p>\n<p>During the sprouting, we are very careful about the treillising and the picking up. Carried out manually, these operations allow to maintain properly the growth of the vines, and to optimise the quality of the future harvest.<\/p>\n<p>Here comes\u00a0<strong>the picking season<\/strong>, after a whole year of assiduous and passionate works !<strong>\u00a0A festival of the senses, prelude to the future wines!<\/strong>\u00a0They are orchestrated by hand, by successive sorting in boxes which are quickly carried to the press.[\/vc_column_text][\/vc_column][\/vc_row][vc_row full_width=&#8221;stretch_row_content&#8221; type=&#8221;1&#8243; margin_top=&#8221;0&#8243; margin_bottom=&#8221;0&#8243; padding_left=&#8221;40&#8243; padding_right=&#8221;40&#8243; bg_position=&#8221;top&#8221; bg_repeat=&#8221;no-repeat&#8221; bg_cover=&#8221;false&#8221; bg_attachment=&#8221;false&#8221; padding_top=&#8221;40&#8243; padding_bottom=&#8221;40&#8243; parallax_speed=&#8221;0.1&#8243; css=&#8221;.vc_custom_1614149780632{margin-bottom: 0px !important;}&#8221;][vc_column css_animation=&#8221;slideInLeft&#8221; width=&#8221;1\/2&#8243; css=&#8221;.vc_custom_1613462931095{padding-top: 50px !important;padding-right: 50px !important;padding-bottom: 50px !important;padding-left: 50px !important;}&#8221;][vc_column_text]<\/p>\n<h1 style=\"text-align: left;\">The wine<\/h1>\n<h2 style=\"text-align: left;\"><span style=\"color: #d19234;\">Passion for wine<\/span><\/h2>\n<p>[\/vc_column_text][vc_separator color=&#8221;custom&#8221; align=&#8221;align_left&#8221; border_width=&#8221;5&#8243; el_width=&#8221;10&#8243; accent_color=&#8221;#d19234&#8243;][vc_column_text]<span style=\"color: #d19234;\">The wine making process<\/span> starts with the destemming of the grapes which are then, carried to a pneumatic press. The pressure will have to be done weakly, under a constant supervision of the press juices, for not to spoil the quality of the must by an excessive pressure.<\/p>\n<p>After clarification of the press juice, <span style=\"color: #d19234;\">the fermentation<\/span> starts with local yeast, and is carried out by checking the temperature and the density during all the wine making process. All the wine making processes are done in stainless steel vat.<\/p>\n<p>When the fermentation is stopped, wines are at once filtered on diatoms (algae), and then matured in stainless steel vat for <span style=\"color: #d19234;\">the Juran\u00e7on Sec and the traditionnal Juran\u00e7on<\/span> and in <span style=\"color: #d19234;\">oak barrels for our &#8220;Cuv\u00e9es&#8221;.<\/span><\/p>\n<p>After the blend, the wines are bottled under our cares, at the property. <strong>We give priority to quality rather than quantity!<\/strong>[\/vc_column_text][\/vc_column][vc_column width=&#8221;1\/2&#8243; css=&#8221;.vc_custom_1613463016055{margin-top: 0px !important;margin-right: 0px !important;margin-bottom: 0px !important;margin-left: 0px !important;padding-top: 0px !important;padding-right: 0px !important;padding-bottom: 0px !important;padding-left: 0px !important;background-image: url(https:\/\/www.crulamouroux.com\/wp-content\/uploads\/2021\/02\/Cru-lamouroux-cave-a-vin.jpg?id=28952) !important;background-position: center !important;background-repeat: no-repeat !important;background-size: cover !important;}&#8221;][vc_empty_space height=&#8221;550px&#8221;][\/vc_column][\/vc_row][vc_row full_width=&#8221;stretch_row_content&#8221;][vc_column width=&#8221;1\/2&#8243; css=&#8221;.vc_custom_1613463247211{background-image: url(https:\/\/www.crulamouroux.com\/wp-content\/uploads\/2014\/08\/Cru_Lamouroux_Chig\u00e9-Ziemek_la_Chapelle_de_Rousse_quartier_de_Juran\u00e7on.jpg?id=3021) !important;background-position: center !important;background-repeat: no-repeat !important;background-size: cover !important;}&#8221;][vc_empty_space height=&#8221;550px&#8221;][\/vc_column][vc_column css_animation=&#8221;slideInRight&#8221; width=&#8221;1\/2&#8243; css=&#8221;.vc_custom_1613463299696{padding-top: 50px !important;padding-right: 50px !important;padding-bottom: 50px !important;padding-left: 50px !important;}&#8221;][vc_column_text]<\/p>\n<h1>The Sharing<\/h1>\n<h3 style=\"color: #d19234;\">Passion for sharing<\/h3>\n<p>[\/vc_column_text][vc_separator color=&#8221;custom&#8221; align=&#8221;align_left&#8221; border_width=&#8221;5&#8243; el_width=&#8221;10&#8243; accent_color=&#8221;#d19234&#8243;][vc_column_text]Our property is open all the year.\u00a0<strong>Free and convivial wine tasting with the Pyrenees in front of you.<\/strong><\/p>\n<p>We have also a reception room to receive groups \u2013 a maximum of a hundred seated persons -, by appointment only, and give you a lively presentation of our domain.<\/p>\n<p>Our wines bottles are capped with\u00a0<strong>prime natural cork, and then sealed with wax.<\/strong>\u00a0The commercialisation is done at the property, or by shipment throughout in France.<\/p>\n<p><strong>Pierre-Yves Ziemek<\/strong>, the son of Monique and Richard Ziemek, represent the fifth generation to undertake the family adventure![\/vc_column_text][\/vc_column][\/vc_row][vc_row full_width=&#8221;stretch_row_content&#8221; parallax=&#8221;content-moving&#8221; parallax_image=&#8221;543&#8243; css=&#8221;.vc_custom_1613464995736{background-color: rgba(29,45,64,0.1) !important;*background-color: rgb(29,45,64) !important;}&#8221;][vc_column][vc_empty_space height=&#8221;100px&#8221;][vc_row_inner][vc_column_inner width=&#8221;1\/3&#8243;][\/vc_column_inner][vc_column_inner width=&#8221;1\/3&#8243;][vc_single_image image=&#8221;28680&#8243; img_size=&#8221;140&#215;140&#8243; alignment=&#8221;center&#8221; css_animation=&#8221;slideInUp&#8221;][vc_empty_space height=&#8221;20px&#8221;][vc_btn title=&#8221;Our wines&#8221; style=&#8221;outline-custom&#8221; outline_custom_color=&#8221;#1d2d40&#8243; outline_custom_hover_background=&#8221;#1d2d40&#8243; outline_custom_hover_text=&#8221;#ffffff&#8221; shape=&#8221;round&#8221; size=&#8221;lg&#8221; align=&#8221;center&#8221; css_animation=&#8221;slideInUp&#8221; button_block=&#8221;true&#8221; link=&#8221;url:%2Fen%2Fnos-vins%2F&#8221;][\/vc_column_inner][vc_column_inner width=&#8221;1\/3&#8243;][\/vc_column_inner][\/vc_row_inner][vc_empty_space height=&#8221;100px&#8221;][vc_single_image image=&#8221;28430&#8243; img_size=&#8221;full&#8221; alignment=&#8221;center&#8221; css=&#8221;.vc_custom_1613465234474{margin-bottom: 0px !important;padding-bottom: 0px !important;}&#8221;][\/vc_column][\/vc_row]<\/p>\n","protected":false},"excerpt":{"rendered":"<p>[vc_row][vc_column][vc_column_text] The Vineyard Cru Lamouroux AOC Juran\u00e7on [\/vc_column_text][vc_single_image image=&#8221;28390&#8243; img_size=&#8221;medium&#8221; alignment=&#8221;center&#8221;][vc_single_image image=&#8221;29029&#8243; img_size=&#8221;800&#215;600&#8243; alignment=&#8221;center&#8221; css_animation=&#8221;zoomIn&#8221;][vc_empty_space height=&#8221;50px&#8221;][\/vc_column][\/vc_row][vc_row type=&#8221;1&#8243; margin_top=&#8221;0&#8243; margin_bottom=&#8221;0&#8243; padding_left=&#8221;40&#8243; padding_right=&#8221;40&#8243; bg_position=&#8221;top&#8221; bg_repeat=&#8221;no-repeat&#8221; bg_cover=&#8221;false&#8221; bg_attachment=&#8221;false&#8221; padding_top=&#8221;40&#8243; padding_bottom=&#8221;40&#8243; parallax_speed=&#8221;0.1&#8243;][vc_column width=&#8221;1\/6&#8243;][\/vc_column][vc_column width=&#8221;2\/3&#8243;][vc_column_text] The Cru Lamouroux vineyard, located in the heart of the Juran\u00e7on area, spreads on 5,3 hectares of south and south-west facing hillsides, with 20% to&hellip;<\/p>\n","protected":false},"author":1,"featured_media":0,"parent":0,"menu_order":1,"comment_status":"closed","ping_status":"closed","template":"","meta":[],"class_list":["post-850","page","type-page","status-publish","hentry","description-off"],"yoast_head":"<!-- This site is optimized with the Yoast SEO plugin v24.0 - https:\/\/yoast.com\/wordpress\/plugins\/seo\/ -->\n<title>The Vineyard - Cru Lamouroux<\/title>\n<meta name=\"robots\" content=\"index, follow, max-snippet:-1, max-image-preview:large, max-video-preview:-1\" \/>\n<link rel=\"canonical\" href=\"https:\/\/www.crulamouroux.com\/en\/the-vineyard\/\" \/>\n<meta property=\"og:locale\" content=\"en_US\" \/>\n<meta property=\"og:type\" content=\"article\" \/>\n<meta property=\"og:title\" content=\"The Vineyard - Cru Lamouroux\" \/>\n<meta property=\"og:description\" content=\"[vc_row][vc_column][vc_column_text] The Vineyard Cru Lamouroux AOC Juran\u00e7on [\/vc_column_text][vc_single_image image=&#8221;28390&#8243; img_size=&#8221;medium&#8221; alignment=&#8221;center&#8221;][vc_single_image image=&#8221;29029&#8243; img_size=&#8221;800&#215;600&#8243; alignment=&#8221;center&#8221; css_animation=&#8221;zoomIn&#8221;][vc_empty_space height=&#8221;50px&#8221;][\/vc_column][\/vc_row][vc_row type=&#8221;1&#8243; margin_top=&#8221;0&#8243; margin_bottom=&#8221;0&#8243; padding_left=&#8221;40&#8243; padding_right=&#8221;40&#8243; bg_position=&#8221;top&#8221; bg_repeat=&#8221;no-repeat&#8221; bg_cover=&#8221;false&#8221; bg_attachment=&#8221;false&#8221; padding_top=&#8221;40&#8243; padding_bottom=&#8221;40&#8243; parallax_speed=&#8221;0.1&#8243;][vc_column width=&#8221;1\/6&#8243;][\/vc_column][vc_column width=&#8221;2\/3&#8243;][vc_column_text] The Cru Lamouroux vineyard, located in the heart of the Juran\u00e7on area, spreads on 5,3 hectares of south and south-west facing hillsides, with 20% to&hellip;\" \/>\n<meta property=\"og:url\" content=\"https:\/\/www.crulamouroux.com\/en\/the-vineyard\/\" \/>\n<meta property=\"og:site_name\" content=\"Cru Lamouroux\" \/>\n<meta property=\"article:publisher\" content=\"https:\/\/www.facebook.com\/jurancon.crulamouroux\" \/>\n<meta property=\"article:modified_time\" content=\"2021-02-24T06:56:30+00:00\" \/>\n<meta name=\"twitter:card\" content=\"summary_large_image\" \/>\n<meta name=\"twitter:site\" content=\"@CruLamouroux\" \/>\n<meta name=\"twitter:label1\" content=\"Est. reading time\" \/>\n\t<meta name=\"twitter:data1\" content=\"4 minutes\" \/>\n<script type=\"application\/ld+json\" class=\"yoast-schema-graph\">{\"@context\":\"https:\/\/schema.org\",\"@graph\":[{\"@type\":\"WebPage\",\"@id\":\"https:\/\/www.crulamouroux.com\/en\/the-vineyard\/\",\"url\":\"https:\/\/www.crulamouroux.com\/en\/the-vineyard\/\",\"name\":\"The Vineyard - Cru Lamouroux\",\"isPartOf\":{\"@id\":\"https:\/\/www.crulamouroux.com\/#website\"},\"datePublished\":\"2014-08-05T07:35:44+00:00\",\"dateModified\":\"2021-02-24T06:56:30+00:00\",\"breadcrumb\":{\"@id\":\"https:\/\/www.crulamouroux.com\/en\/the-vineyard\/#breadcrumb\"},\"inLanguage\":\"en-US\",\"potentialAction\":[{\"@type\":\"ReadAction\",\"target\":[\"https:\/\/www.crulamouroux.com\/en\/the-vineyard\/\"]}]},{\"@type\":\"BreadcrumbList\",\"@id\":\"https:\/\/www.crulamouroux.com\/en\/the-vineyard\/#breadcrumb\",\"itemListElement\":[{\"@type\":\"ListItem\",\"position\":1,\"name\":\"Accueil\",\"item\":\"https:\/\/www.crulamouroux.com\/en\/\"},{\"@type\":\"ListItem\",\"position\":2,\"name\":\"The Vineyard\"}]},{\"@type\":\"WebSite\",\"@id\":\"https:\/\/www.crulamouroux.com\/#website\",\"url\":\"https:\/\/www.crulamouroux.com\/\",\"name\":\"Cru Lamouroux\",\"description\":\"Appellation Juran\u00e7on Contr\u00f4l\u00e9e\",\"potentialAction\":[{\"@type\":\"SearchAction\",\"target\":{\"@type\":\"EntryPoint\",\"urlTemplate\":\"https:\/\/www.crulamouroux.com\/?s={search_term_string}\"},\"query-input\":{\"@type\":\"PropertyValueSpecification\",\"valueRequired\":true,\"valueName\":\"search_term_string\"}}],\"inLanguage\":\"en-US\"}]}<\/script>\n<!-- \/ Yoast SEO plugin. -->","yoast_head_json":{"title":"The Vineyard - Cru Lamouroux","robots":{"index":"index","follow":"follow","max-snippet":"max-snippet:-1","max-image-preview":"max-image-preview:large","max-video-preview":"max-video-preview:-1"},"canonical":"https:\/\/www.crulamouroux.com\/en\/the-vineyard\/","og_locale":"en_US","og_type":"article","og_title":"The Vineyard - Cru Lamouroux","og_description":"[vc_row][vc_column][vc_column_text] The Vineyard Cru Lamouroux AOC Juran\u00e7on [\/vc_column_text][vc_single_image image=&#8221;28390&#8243; img_size=&#8221;medium&#8221; alignment=&#8221;center&#8221;][vc_single_image image=&#8221;29029&#8243; img_size=&#8221;800&#215;600&#8243; alignment=&#8221;center&#8221; css_animation=&#8221;zoomIn&#8221;][vc_empty_space height=&#8221;50px&#8221;][\/vc_column][\/vc_row][vc_row type=&#8221;1&#8243; margin_top=&#8221;0&#8243; margin_bottom=&#8221;0&#8243; padding_left=&#8221;40&#8243; padding_right=&#8221;40&#8243; bg_position=&#8221;top&#8221; bg_repeat=&#8221;no-repeat&#8221; bg_cover=&#8221;false&#8221; bg_attachment=&#8221;false&#8221; padding_top=&#8221;40&#8243; padding_bottom=&#8221;40&#8243; parallax_speed=&#8221;0.1&#8243;][vc_column width=&#8221;1\/6&#8243;][\/vc_column][vc_column width=&#8221;2\/3&#8243;][vc_column_text] The Cru Lamouroux vineyard, located in the heart of the Juran\u00e7on area, spreads on 5,3 hectares of south and south-west facing hillsides, with 20% to&hellip;","og_url":"https:\/\/www.crulamouroux.com\/en\/the-vineyard\/","og_site_name":"Cru Lamouroux","article_publisher":"https:\/\/www.facebook.com\/jurancon.crulamouroux","article_modified_time":"2021-02-24T06:56:30+00:00","twitter_card":"summary_large_image","twitter_site":"@CruLamouroux","twitter_misc":{"Est. reading time":"4 minutes"},"schema":{"@context":"https:\/\/schema.org","@graph":[{"@type":"WebPage","@id":"https:\/\/www.crulamouroux.com\/en\/the-vineyard\/","url":"https:\/\/www.crulamouroux.com\/en\/the-vineyard\/","name":"The Vineyard - Cru Lamouroux","isPartOf":{"@id":"https:\/\/www.crulamouroux.com\/#website"},"datePublished":"2014-08-05T07:35:44+00:00","dateModified":"2021-02-24T06:56:30+00:00","breadcrumb":{"@id":"https:\/\/www.crulamouroux.com\/en\/the-vineyard\/#breadcrumb"},"inLanguage":"en-US","potentialAction":[{"@type":"ReadAction","target":["https:\/\/www.crulamouroux.com\/en\/the-vineyard\/"]}]},{"@type":"BreadcrumbList","@id":"https:\/\/www.crulamouroux.com\/en\/the-vineyard\/#breadcrumb","itemListElement":[{"@type":"ListItem","position":1,"name":"Accueil","item":"https:\/\/www.crulamouroux.com\/en\/"},{"@type":"ListItem","position":2,"name":"The Vineyard"}]},{"@type":"WebSite","@id":"https:\/\/www.crulamouroux.com\/#website","url":"https:\/\/www.crulamouroux.com\/","name":"Cru Lamouroux","description":"Appellation Juran\u00e7on Contr\u00f4l\u00e9e","potentialAction":[{"@type":"SearchAction","target":{"@type":"EntryPoint","urlTemplate":"https:\/\/www.crulamouroux.com\/?s={search_term_string}"},"query-input":{"@type":"PropertyValueSpecification","valueRequired":true,"valueName":"search_term_string"}}],"inLanguage":"en-US"}]}},"_links":{"self":[{"href":"https:\/\/www.crulamouroux.com\/en\/wp-json\/wp\/v2\/pages\/850","targetHints":{"allow":["GET"]}}],"collection":[{"href":"https:\/\/www.crulamouroux.com\/en\/wp-json\/wp\/v2\/pages"}],"about":[{"href":"https:\/\/www.crulamouroux.com\/en\/wp-json\/wp\/v2\/types\/page"}],"author":[{"embeddable":true,"href":"https:\/\/www.crulamouroux.com\/en\/wp-json\/wp\/v2\/users\/1"}],"replies":[{"embeddable":true,"href":"https:\/\/www.crulamouroux.com\/en\/wp-json\/wp\/v2\/comments?post=850"}],"version-history":[{"count":23,"href":"https:\/\/www.crulamouroux.com\/en\/wp-json\/wp\/v2\/pages\/850\/revisions"}],"predecessor-version":[{"id":29154,"href":"https:\/\/www.crulamouroux.com\/en\/wp-json\/wp\/v2\/pages\/850\/revisions\/29154"}],"wp:attachment":[{"href":"https:\/\/www.crulamouroux.com\/en\/wp-json\/wp\/v2\/media?parent=850"}],"curies":[{"name":"wp","href":"https:\/\/api.w.org\/{rel}","templated":true}]}}