{"id":2513,"date":"2014-08-27T16:03:20","date_gmt":"2014-08-27T15:03:20","guid":{"rendered":"https:\/\/www.crulamouroux.com\/?page_id=2513"},"modified":"2014-10-20T20:20:17","modified_gmt":"2014-10-20T19:20:17","slug":"mentions-legales","status":"publish","type":"page","link":"https:\/\/www.crulamouroux.com\/en\/mentions-legales\/","title":{"rendered":"Legal lines"},"content":{"rendered":"<p>INFORMATIONS EDITEUR<br \/>\nLe site\u00a0http:\/\/www.crulamouroux.com\/ est \u00e9dit\u00e9 par la soci\u00e9t\u00e9 : SARL Cru Lamouroux<\/p>\n<p>DONNEES PERSONNELLES<br \/>\nLes informations que vous aurez saisies sur le site\u00a0http:\/\/www.crulamouroux.com\/ pourront \u00eatre enregistr\u00e9es pour leur traitement exclusif par SARL Cru Lamouroux.<br \/>\nVous disposez d\u2019un droit d\u2019acc\u00e8s, de modification, de rectification et de suppression concernant les donn\u00e9es collect\u00e9es sur ce site, dans les conditions pr\u00e9vues par la loi n\u00b078-17 du 6 janvier 1978 (modifi\u00e9e) relative \u00e0 l\u2019informatique, aux fichiers et aux libert\u00e9s.\u2028 Pour l\u2019exercer, adressez-vous au gestionnaire du site par courrier \u00e0 l\u2019adresse suivante :<\/p>\n<p>SARL Cru Lamouroux<br \/>\n1656 Route de la Chapelle de Rousse, 64110 Juran\u00e7on<\/p>\n<p>LIENS HYPERTEXTES<br \/>\nLa cr\u00e9ation de liens hypertextes vers le site\u00a0http:\/\/www.crulamouroux.com\/ est soumis \u00e0 l\u2019accord pr\u00e9alable du Directeur de la Publication. Les liens hypertextes \u00e9tablis en direction d\u2019autres sites \u00e0 partir de\u00a0http:\/\/www.crulamouroux.com\/ ne sauraient, en aucun cas, engager la responsabilit\u00e9 de la SARL Cru Lamouroux.<\/p>\n<p>DROITS D\u2019AUTEURS<br \/>\nLa reproduction ou repr\u00e9sentation, int\u00e9grale ou partielle, des pages, des donn\u00e9es et de tout autre \u00e9l\u00e9ment constitutif au site, par quelque proc\u00e9d\u00e9 ou support que ce soit, est interdite et constitue sans autorisation de l\u2019\u00e9diteur une contrefa\u00e7on.<\/p>\n<p>CONCEPTION \u2013 WEBDESIGN \u2013 ILLUSTRATIONS \u2013 DEVELOPPEMENT DU SITE<br \/>\nS\u00e9bastien Bodrero<br \/>\n334 chemin Laqu\u00eache \u2013 64230 BEYRIE EN BEARN \u2013 www.sebastienbodrero.eu<\/p>\n<p>HEBERGEMENT<br \/>\nOVH : \u2028www.ovh.com\u2028 SAS au capital de 10 000 000 \u20ac \u2028RCS Roubaix \u2013 Tourcoing 424 761 419 00045\u2028 Si\u00e8ge social : 2 rue Kellermann \u2013 59100 Roubaix \u2013 France.<\/p>\n","protected":false},"excerpt":{"rendered":"<p>INFORMATIONS EDITEUR Le site\u00a0http:\/\/www.crulamouroux.com\/ est \u00e9dit\u00e9 par la soci\u00e9t\u00e9 : SARL Cru Lamouroux DONNEES PERSONNELLES Les informations que vous aurez saisies sur le site\u00a0http:\/\/www.crulamouroux.com\/ pourront \u00eatre enregistr\u00e9es pour leur traitement exclusif par SARL Cru Lamouroux. Vous disposez d\u2019un droit d\u2019acc\u00e8s, de modification, de rectification et de suppression concernant les donn\u00e9es collect\u00e9es sur ce site, dans&hellip;<\/p>\n","protected":false},"author":1,"featured_media":0,"parent":0,"menu_order":8,"comment_status":"closed","ping_status":"closed","template":"","meta":[],"class_list":["post-2513","page","type-page","status-publish","hentry","description-off"],"yoast_head":"<!-- This site is optimized with the Yoast SEO plugin v24.0 - https:\/\/yoast.com\/wordpress\/plugins\/seo\/ -->\n<title>Legal lines - Cru Lamouroux<\/title>\n<meta name=\"robots\" content=\"index, follow, max-snippet:-1, max-image-preview:large, max-video-preview:-1\" \/>\n<link rel=\"canonical\" href=\"https:\/\/www.crulamouroux.com\/en\/mentions-legales\/\" \/>\n<meta property=\"og:locale\" content=\"en_US\" \/>\n<meta property=\"og:type\" content=\"article\" \/>\n<meta property=\"og:title\" content=\"Legal lines - Cru Lamouroux\" \/>\n<meta property=\"og:description\" content=\"INFORMATIONS EDITEUR Le site\u00a0http:\/\/www.crulamouroux.com\/ est \u00e9dit\u00e9 par la soci\u00e9t\u00e9 : SARL Cru Lamouroux DONNEES PERSONNELLES Les informations que vous aurez saisies sur le site\u00a0http:\/\/www.crulamouroux.com\/ pourront \u00eatre enregistr\u00e9es pour leur traitement exclusif par SARL Cru Lamouroux. Vous disposez d\u2019un droit d\u2019acc\u00e8s, de modification, de rectification et de suppression concernant les donn\u00e9es collect\u00e9es sur ce site, dans&hellip;\" \/>\n<meta property=\"og:url\" content=\"https:\/\/www.crulamouroux.com\/en\/mentions-legales\/\" \/>\n<meta property=\"og:site_name\" content=\"Cru Lamouroux\" \/>\n<meta property=\"article:publisher\" content=\"https:\/\/www.facebook.com\/jurancon.crulamouroux\" \/>\n<meta property=\"article:modified_time\" content=\"2014-10-20T19:20:17+00:00\" \/>\n<meta name=\"twitter:card\" content=\"summary_large_image\" \/>\n<meta name=\"twitter:site\" content=\"@CruLamouroux\" \/>\n<meta name=\"twitter:label1\" content=\"Est. reading time\" \/>\n\t<meta name=\"twitter:data1\" content=\"1 minute\" \/>\n<script type=\"application\/ld+json\" class=\"yoast-schema-graph\">{\"@context\":\"https:\/\/schema.org\",\"@graph\":[{\"@type\":\"WebPage\",\"@id\":\"https:\/\/www.crulamouroux.com\/en\/mentions-legales\/\",\"url\":\"https:\/\/www.crulamouroux.com\/en\/mentions-legales\/\",\"name\":\"Legal lines - Cru Lamouroux\",\"isPartOf\":{\"@id\":\"https:\/\/www.crulamouroux.com\/#website\"},\"datePublished\":\"2014-08-27T15:03:20+00:00\",\"dateModified\":\"2014-10-20T19:20:17+00:00\",\"breadcrumb\":{\"@id\":\"https:\/\/www.crulamouroux.com\/en\/mentions-legales\/#breadcrumb\"},\"inLanguage\":\"en-US\",\"potentialAction\":[{\"@type\":\"ReadAction\",\"target\":[\"https:\/\/www.crulamouroux.com\/en\/mentions-legales\/\"]}]},{\"@type\":\"BreadcrumbList\",\"@id\":\"https:\/\/www.crulamouroux.com\/en\/mentions-legales\/#breadcrumb\",\"itemListElement\":[{\"@type\":\"ListItem\",\"position\":1,\"name\":\"Accueil\",\"item\":\"https:\/\/www.crulamouroux.com\/en\/\"},{\"@type\":\"ListItem\",\"position\":2,\"name\":\"Legal lines\"}]},{\"@type\":\"WebSite\",\"@id\":\"https:\/\/www.crulamouroux.com\/#website\",\"url\":\"https:\/\/www.crulamouroux.com\/\",\"name\":\"Cru Lamouroux\",\"description\":\"Appellation Juran\u00e7on Contr\u00f4l\u00e9e\",\"potentialAction\":[{\"@type\":\"SearchAction\",\"target\":{\"@type\":\"EntryPoint\",\"urlTemplate\":\"https:\/\/www.crulamouroux.com\/?s={search_term_string}\"},\"query-input\":{\"@type\":\"PropertyValueSpecification\",\"valueRequired\":true,\"valueName\":\"search_term_string\"}}],\"inLanguage\":\"en-US\"}]}<\/script>\n<!-- \/ Yoast SEO plugin. -->","yoast_head_json":{"title":"Legal lines - Cru Lamouroux","robots":{"index":"index","follow":"follow","max-snippet":"max-snippet:-1","max-image-preview":"max-image-preview:large","max-video-preview":"max-video-preview:-1"},"canonical":"https:\/\/www.crulamouroux.com\/en\/mentions-legales\/","og_locale":"en_US","og_type":"article","og_title":"Legal lines - Cru Lamouroux","og_description":"INFORMATIONS EDITEUR Le site\u00a0http:\/\/www.crulamouroux.com\/ est \u00e9dit\u00e9 par la soci\u00e9t\u00e9 : SARL Cru Lamouroux DONNEES PERSONNELLES Les informations que vous aurez saisies sur le site\u00a0http:\/\/www.crulamouroux.com\/ pourront \u00eatre enregistr\u00e9es pour leur traitement exclusif par SARL Cru Lamouroux. Vous disposez d\u2019un droit d\u2019acc\u00e8s, de modification, de rectification et de suppression concernant les donn\u00e9es collect\u00e9es sur ce site, dans&hellip;","og_url":"https:\/\/www.crulamouroux.com\/en\/mentions-legales\/","og_site_name":"Cru Lamouroux","article_publisher":"https:\/\/www.facebook.com\/jurancon.crulamouroux","article_modified_time":"2014-10-20T19:20:17+00:00","twitter_card":"summary_large_image","twitter_site":"@CruLamouroux","twitter_misc":{"Est. reading time":"1 minute"},"schema":{"@context":"https:\/\/schema.org","@graph":[{"@type":"WebPage","@id":"https:\/\/www.crulamouroux.com\/en\/mentions-legales\/","url":"https:\/\/www.crulamouroux.com\/en\/mentions-legales\/","name":"Legal lines - Cru Lamouroux","isPartOf":{"@id":"https:\/\/www.crulamouroux.com\/#website"},"datePublished":"2014-08-27T15:03:20+00:00","dateModified":"2014-10-20T19:20:17+00:00","breadcrumb":{"@id":"https:\/\/www.crulamouroux.com\/en\/mentions-legales\/#breadcrumb"},"inLanguage":"en-US","potentialAction":[{"@type":"ReadAction","target":["https:\/\/www.crulamouroux.com\/en\/mentions-legales\/"]}]},{"@type":"BreadcrumbList","@id":"https:\/\/www.crulamouroux.com\/en\/mentions-legales\/#breadcrumb","itemListElement":[{"@type":"ListItem","position":1,"name":"Accueil","item":"https:\/\/www.crulamouroux.com\/en\/"},{"@type":"ListItem","position":2,"name":"Legal lines"}]},{"@type":"WebSite","@id":"https:\/\/www.crulamouroux.com\/#website","url":"https:\/\/www.crulamouroux.com\/","name":"Cru Lamouroux","description":"Appellation Juran\u00e7on Contr\u00f4l\u00e9e","potentialAction":[{"@type":"SearchAction","target":{"@type":"EntryPoint","urlTemplate":"https:\/\/www.crulamouroux.com\/?s={search_term_string}"},"query-input":{"@type":"PropertyValueSpecification","valueRequired":true,"valueName":"search_term_string"}}],"inLanguage":"en-US"}]}},"_links":{"self":[{"href":"https:\/\/www.crulamouroux.com\/en\/wp-json\/wp\/v2\/pages\/2513","targetHints":{"allow":["GET"]}}],"collection":[{"href":"https:\/\/www.crulamouroux.com\/en\/wp-json\/wp\/v2\/pages"}],"about":[{"href":"https:\/\/www.crulamouroux.com\/en\/wp-json\/wp\/v2\/types\/page"}],"author":[{"embeddable":true,"href":"https:\/\/www.crulamouroux.com\/en\/wp-json\/wp\/v2\/users\/1"}],"replies":[{"embeddable":true,"href":"https:\/\/www.crulamouroux.com\/en\/wp-json\/wp\/v2\/comments?post=2513"}],"version-history":[{"count":2,"href":"https:\/\/www.crulamouroux.com\/en\/wp-json\/wp\/v2\/pages\/2513\/revisions"}],"predecessor-version":[{"id":2596,"href":"https:\/\/www.crulamouroux.com\/en\/wp-json\/wp\/v2\/pages\/2513\/revisions\/2596"}],"wp:attachment":[{"href":"https:\/\/www.crulamouroux.com\/en\/wp-json\/wp\/v2\/media?parent=2513"}],"curies":[{"name":"wp","href":"https:\/\/api.w.org\/{rel}","templated":true}]}}